{"id":876,"date":"2023-04-11T06:07:08","date_gmt":"2023-04-11T06:07:08","guid":{"rendered":"https:\/\/www.ru.ac.bd\/publication\/?page_id=876"},"modified":"2024-11-05T04:17:13","modified_gmt":"2024-11-05T04:17:13","slug":"rujal-49-2021","status":"publish","type":"page","link":"https:\/\/www.ru.ac.bd\/publication\/journals\/rujal\/rujal-49-2021\/","title":{"rendered":"Rajshahi University Journal of Arts &amp; Law Vol. 49, 2021"},"content":{"rendered":"\n<div data-elementor-type=\"wp-page\" data-elementor-id=\"876\" class=\"elementor elementor-876\" data-elementor-post-type=\"page\">\n<section class=\"elementor-section elementor-top-section elementor-element elementor-element-b37ba4f elementor-section-boxed elementor-section-height-default elementor-section-height-default\" data-id=\"b37ba4f\" data-element_type=\"section\">\n<div class=\"elementor-container elementor-column-gap-default\">\n<div class=\"elementor-column elementor-col-100 elementor-top-column elementor-element elementor-element-d03a68f\" data-id=\"d03a68f\" data-element_type=\"column\">\n<div class=\"elementor-widget-wrap elementor-element-populated\">\n<div class=\"elementor-element elementor-element-9633467 elementor-widget elementor-widget-text-editor\" data-id=\"9633467\" data-element_type=\"widget\" data-widget_type=\"text-editor.default\">\n<div class=\"elementor-widget-container\">\n<h3><strong>Rajshahi<\/strong><strong>&nbsp;University<\/strong><strong>&nbsp;Journal&nbsp;<\/strong><strong>of&nbsp;<\/strong><strong>Arts &amp; Law Vol. 49, 2021<\/strong><\/h3>\n<p><strong>ISSN 1681-0694<\/strong><\/p>\n<p><strong><em>Key title<br \/><\/em><\/strong>Rajshahi University journal of Arts &amp; Law<\/p>\n<p><em><b>Abbreviated key title<br \/><\/b><\/em><span style=\"color: var( --e-global-color-text );font-family: var( --e-global-typography-text-font-family ), Sans-serif;font-weight: var( --e-global-typography-text-font-weight )\">Rajshahi Univ. j. arts law<\/span><\/p>\n<p><em><b>Parallel&nbsp;title<br \/><\/b><\/em><\/p>\n<p><span style=\"color: var( --e-global-color-text );font-family: var( --e-global-typography-text-font-family ), Sans-serif;font-weight: var( --e-global-typography-text-font-weight )\">R\u0101ja\u015b\u0101h\u012b iunibh\u0101rasiti j\u0101rn\u0101la aba&nbsp;<\/span><span style=\"color: var( --e-global-color-text );font-weight: var( --e-global-typography-text-font-weight );text-align: center\">\u0101r\u1e6dasa end\u0323a la<\/span><\/p>\n\n<p>An Official Journal of the University of Rajshahi<\/p>\n<p><a href=\"https:\/\/www.ru.ac.bd\/publication\/wp-content\/uploads\/sites\/114\/2023\/04\/RUJL492021-FrontMatter.pdf\" target=\"_blank\">FrontMatter<\/a><\/p>\n<table border=\"1\" width=\"785\">\n<tbody>\n<tr>\n<td><strong>SL<\/strong><\/td>\n<td><strong>TITLE &amp; AUTHOR<\/strong><\/td>\n<td><strong>PAGE<\/strong><\/td>\n<\/tr>\n<tr>\n<td>1.<\/td>\n<td><a href=\"https:\/\/www.ru.ac.bd\/publication\/wp-content\/uploads\/sites\/114\/2023\/04\/1.-A-669-Prachin-Banglar-Khaddya-o-Khaddyavvas-Most.-Sahina-Akter.pdf\" target=\"_blank\">\u09aa\u09cd\u09b0\u09be\u099a\u09c0\u09a8 \u09ac\u09be\u0982\u09b2\u09be\u09b0 \u0996\u09be\u09a6\u09cd\u09af \u0993 \u0996\u09be\u09a6\u09cd\u09af\u09be\u09ad\u09cd\u09af\u09be\u09b8: \u09b8\u09be\u09b9\u09bf\u09a4\u09cd\u09af\u09a8\u09bf\u09b0\u09cd\u09ad\u09b0 \u0985\u09a8\u09c1\u09b8\u09a8\u09cd\u09a7\u09be\u09a8<\/a><strong><br \/>\u2014 \u09ae\u09cb\u099b\u09be. \u09b8\u09be\u09b9\u09bf\u09a8\u09be \u0986\u0995\u09cd\u09a4\u09be\u09b0<\/strong><\/td>\n<td>\n<pre>1-9<\/pre>\n<\/td>\n<\/tr>\n<tr>\n<td>2.<\/td>\n<td><a href=\"https:\/\/www.ru.ac.bd\/publication\/wp-content\/uploads\/sites\/114\/2023\/04\/2.-A-666-Bongiyo-Narir-Samazik-Fahmida-Tanjee.pdf\" target=\"_blank\">\u09ac\u0999\u09cd\u0997\u09c0\u09df \u09a8\u09be\u09b0\u09c0\u09b0 \u09b8\u09be\u09ae\u09be\u099c\u09bf\u0995 \u0985\u09ac\u09b8\u09cd\u09a5\u09be\u09a8: \u09aa\u09cd\u09b0\u09b8\u0999\u09cd\u0997 \u099a\u09ae\u09cd\u09aa\u09be\u09ac\u09a4\u09c0<\/a><strong><br \/>\u2014 \u09ab\u09be\u09b9\u09ae\u09bf\u09a6\u09be \u09b8\u09c1\u09b2\u09a4\u09be\u09a8\u09be \u09a4\u09be\u09a8\u099c\u09c0<\/strong><\/td>\n<td>\n<pre>11-18<\/pre>\n<\/td>\n<\/tr>\n<tr>\n<td>3.<\/td>\n<td><a href=\"https:\/\/www.ru.ac.bd\/publication\/wp-content\/uploads\/sites\/114\/2023\/04\/3.-A-674-Rasullah-er-Intekale-Dr.-Ziaur-Rahman-Khan.pdf\" target=\"_blank\">\u09b0\u09be\u09b8\u09c1\u09b2\u09c1\u09b2\u09cd\u09b2\u09be\u09b9 (\u09b8\u09be.) \u098f\u09b0 \u0987\u09a8\u09cd\u09a4\u09bf\u0995\u09be\u09b2\u09c7 \u09ae\u09b9\u09bf\u09b2\u09be \u09b8\u09be\u09b9\u09be\u09ac\u09c0\u0997\u09a3\u09c7\u09b0 \u09b6\u09cb\u0995\u0997\u09be\u09a5\u09be: \u098f\u0995\u099f\u09bf \u09aa\u09b0\u09cd\u09af\u09be\u09b2\u09cb\u099a\u09a8\u09be<\/a><strong><br \/>\u2014 \u099c\u09bf\u09df\u09be\u0989\u09b0 \u09b0\u09b9\u09ae\u09be\u09a8<\/strong><\/td>\n<td>\n<pre>19-35<\/pre>\n<\/td>\n<\/tr>\n<tr>\n<td>4.<\/td>\n<td><a href=\"https:\/\/www.ru.ac.bd\/publication\/wp-content\/uploads\/sites\/114\/2023\/04\/4-A-667-Muslim-Chitrakalay-ATM-R.-Islam.pdf\" target=\"_blank\">\u09ae\u09c1\u09b8\u09b2\u09bf\u09ae \u099a\u09bf\u09a4\u09cd\u09b0\u0995\u09b2\u09be\u09df \u09a8\u09be\u09b0\u09c0 \u099a\u09b0\u09bf\u09a4\u09cd\u09b0: \u098f\u0995\u099f\u09bf \u09aa\u09cd\u09b0\u09be\u09b8\u0999\u09cd\u0997\u09bf\u0995 \u0986\u09b2\u09cb\u099a\u09a8\u09be<\/a><strong><br \/>\u2014 \u098f \u099f\u09bf \u098f\u09ae \u09b0\u09ab\u09bf\u0995\u09c1\u09b2 \u0987\u09b8\u09b2\u09be\u09ae<\/strong><\/td>\n<td>\n<pre>37-70<\/pre>\n<\/td>\n<\/tr>\n<tr>\n<td>5.<\/td>\n<td><a href=\"https:\/\/www.ru.ac.bd\/publication\/wp-content\/uploads\/sites\/114\/2023\/04\/5.-A-657-Islami-Uttaridhikar-Ayen-Dr.-M-Hadayetullah.pdf\" target=\"_blank\">\u0987\u09b8\u09b2\u09be\u09ae\u09c0 \u0989\u09a4\u09cd\u09a4\u09b0\u09be\u09a7\u09bf\u0995\u09be\u09b0 \u0986\u0987\u09a8\u09c7 \u2018\u0985\u09ac\u09b6\u09bf\u09b7\u09cd\u099f\u09be\u0982\u09b6\u09ad\u09cb\u0997\u09c0\u2019 \u09aa\u09cd\u09b0\u09b8\u0999\u09cd\u0997: \u098f\u0995\u099f\u09bf \u09a4\u09be\u09a4\u09cd\u09a4\u09cd\u09ac\u09bf\u0995 \u09aa\u09b0\u09cd\u09af\u09be\u09b2\u09cb\u099a\u09a8\u09be<\/a><strong><br \/>\u2014 \u09ae\u09cb\u09b9\u09be\u09ae\u09cd\u09ae\u09a6 \u09b9\u09c7\u09a6\u09be\u09df\u09c7\u09a4 \u0989\u09b2\u09cd\u09b2\u09be\u09b9<\/strong><\/td>\n<td>\n<pre>71-88<\/pre>\n<\/td>\n<\/tr>\n<tr>\n<td>6.<\/td>\n<td><a href=\"https:\/\/www.ru.ac.bd\/publication\/wp-content\/uploads\/sites\/114\/2023\/04\/6.-A-659-Prothito-o-Khaniz-Sompoder-Zakat-Dr.-Mahbub-Md.-Ashraful-Islam.pdf\" target=\"_blank\">\u09aa\u09cd\u09b0\u09cb\u09a5\u09bf\u09a4 \u0993 \u0996\u09a8\u09bf\u099c \u09b8\u09ae\u09cd\u09aa\u09a6\u09c7\u09b0 \u09af\u09be\u0995\u09be\u09a4: \u098f\u0995\u099f\u09bf \u09aa\u09b0\u09cd\u09af\u09be\u09b2\u09cb\u099a\u09a8\u09be<\/a><strong><br \/>\u2014 \u09ae\u09c1\u09b9\u09be\u09ae\u09cd\u09ae\u09a6 \u09ae\u09be\u09b9\u09ac\u09c1\u09ac\u09c1\u09b0 \u09b0\u09b9\u09ae\u09be\u09a8 \u0993 \u0986\u09b6\u09b0\u09be\u09ab\u09c1\u09b2 \u0987\u09b8\u09b2\u09be\u09ae<\/strong><\/td>\n<td>\n<pre>89-108<\/pre>\n<\/td>\n<\/tr>\n<tr>\n<td>7.<\/td>\n<td><a href=\"https:\/\/www.ru.ac.bd\/publication\/wp-content\/uploads\/sites\/114\/2023\/04\/7.-A-656-Development-of-Arabic-Dramatics-Dr.M.-Sazidul-Haque.pdf\" target=\"_blank\">\u09ac\u09bf\u0982\u09b6 \u09b6\u09a4\u09be\u09ac\u09cd\u09a6\u09c0\u09a4\u09c7 \u09ae\u09bf\u09b8\u09b0\u09c7 \u0986\u09b0\u09ac\u09c0 \u09a8\u09be\u099f\u09cd\u09af\u099a\u09b0\u09cd\u099a\u09be\u09b0 \u09ac\u09bf\u0995\u09be\u09b6: \u098f\u0995\u099f\u09bf \u09aa\u09b0\u09cd\u09af\u09be\u09b2\u09cb\u099a\u09a8\u09be<\/a><strong><br \/>\u2014 \u09ae\u09cb. \u09b8\u09be\u099c\u09bf\u09a6\u09c1\u09b2 \u09b9\u0995&nbsp;<\/strong><\/td>\n<td>\n<pre>109-123<\/pre>\n<\/td>\n<\/tr>\n<\/tbody>\n<\/table>\n<p><strong><a href=\"https:\/\/www.ru.ac.bd\/publication\/wp-content\/uploads\/sites\/114\/2022\/07\/RUSSBS-Guidelines-For-Author.pdf\" rel=\"\">Instructions to Authors<\/a><\/strong><\/p>\n<\/div>\n<\/div>\n<\/div>\n<\/div>\n<\/div>\n<\/section><\/div>\n","protected":false},"excerpt":{"rendered":"<p>Rajshahi&nbsp;University&nbsp;Journal&nbsp;of&nbsp;Arts &amp; Law Vol. 49, 2021 ISSN 1681-0694 Key titleRajshahi University journal of Arts &amp; Law Abbreviated key titleRajshahi Univ. j. arts law Parallel&nbsp;title R\u0101ja\u015b\u0101h\u012b iunibh\u0101rasiti j\u0101rn\u0101la aba&nbsp;\u0101r\u1e6dasa end\u0323a la An Official Journal of the University of Rajshahi FrontMatter SL TITLE &amp; AUTHOR PAGE 1. \u09aa\u09cd\u09b0\u09be\u099a\u09c0\u09a8 \u09ac\u09be\u0982\u09b2\u09be\u09b0 \u0996\u09be\u09a6\u09cd\u09af \u0993 \u0996\u09be\u09a6\u09cd\u09af\u09be\u09ad\u09cd\u09af\u09be\u09b8: \u09b8\u09be\u09b9\u09bf\u09a4\u09cd\u09af\u09a8\u09bf\u09b0\u09cd\u09ad\u09b0 \u0985\u09a8\u09c1\u09b8\u09a8\u09cd\u09a7\u09be\u09a8\u2014 \u09ae\u09cb\u099b\u09be. \u09b8\u09be\u09b9\u09bf\u09a8\u09be \u0986\u0995\u09cd\u09a4\u09be\u09b0 [&hellip;]<\/p>\n","protected":false},"author":121,"featured_media":0,"parent":576,"menu_order":0,"comment_status":"closed","ping_status":"closed","template":"templates\/page-sidebar.php","meta":{"footnotes":""},"class_list":["post-876","page","type-page","status-publish","hentry"],"_links":{"self":[{"href":"https:\/\/www.ru.ac.bd\/publication\/wp-json\/wp\/v2\/pages\/876","targetHints":{"allow":["GET"]}}],"collection":[{"href":"https:\/\/www.ru.ac.bd\/publication\/wp-json\/wp\/v2\/pages"}],"about":[{"href":"https:\/\/www.ru.ac.bd\/publication\/wp-json\/wp\/v2\/types\/page"}],"author":[{"embeddable":true,"href":"https:\/\/www.ru.ac.bd\/publication\/wp-json\/wp\/v2\/users\/121"}],"replies":[{"embeddable":true,"href":"https:\/\/www.ru.ac.bd\/publication\/wp-json\/wp\/v2\/comments?post=876"}],"version-history":[{"count":40,"href":"https:\/\/www.ru.ac.bd\/publication\/wp-json\/wp\/v2\/pages\/876\/revisions"}],"predecessor-version":[{"id":1663,"href":"https:\/\/www.ru.ac.bd\/publication\/wp-json\/wp\/v2\/pages\/876\/revisions\/1663"}],"up":[{"embeddable":true,"href":"https:\/\/www.ru.ac.bd\/publication\/wp-json\/wp\/v2\/pages\/576"}],"wp:attachment":[{"href":"https:\/\/www.ru.ac.bd\/publication\/wp-json\/wp\/v2\/media?parent=876"}],"curies":[{"name":"wp","href":"https:\/\/api.w.org\/{rel}","templated":true}]}}