{"id":768,"date":"2022-12-07T09:09:15","date_gmt":"2022-12-07T09:09:15","guid":{"rendered":"https:\/\/www.ru.ac.bd\/publication\/?page_id=768"},"modified":"2024-10-06T06:30:25","modified_gmt":"2024-10-06T06:30:25","slug":"rujssbs-vol-27","status":"publish","type":"page","link":"https:\/\/www.ru.ac.bd\/publication\/journals\/rujssbs\/rujssbs-vol-27\/","title":{"rendered":"RUJSSBS Rajshahi University Journal of Social Science and Business Studies V. 27, 2019"},"content":{"rendered":"\n<div data-elementor-type=\"wp-page\" data-elementor-id=\"768\" class=\"elementor elementor-768\" data-elementor-post-type=\"page\">\n<section class=\"elementor-section elementor-top-section elementor-element elementor-element-3e2446d elementor-section-full_width elementor-section-height-default elementor-section-height-default\" data-id=\"3e2446d\" data-element_type=\"section\">\n<div class=\"elementor-container elementor-column-gap-default\">\n<div class=\"elementor-column elementor-col-100 elementor-top-column elementor-element elementor-element-6ccea47\" data-id=\"6ccea47\" data-element_type=\"column\">\n<div class=\"elementor-widget-wrap elementor-element-populated\">\n<div class=\"elementor-element elementor-element-ed3eff7 elementor-widget elementor-widget-image\" data-id=\"ed3eff7\" data-element_type=\"widget\" data-widget_type=\"image.default\">\n<div class=\"elementor-widget-container\">\n<figure class=\"wp-caption\">\n\t\t\t\t\t\t\t\t\t\t\t<a href=\"https:\/\/www.ru.ac.bd\/publication\/wp-content\/uploads\/sites\/114\/2023\/05\/RUJSBS_Cover-27-scaled.jpg\" data-elementor-open-lightbox=\"yes\" data-elementor-lightbox-title=\"RUJSBS_Cover 27\" data-e-action-hash=\"#elementor-action%3Aaction%3Dlightbox%26settings%3DeyJpZCI6IjEyMjQiLCJ1cmwiOiJodHRwczpcL1wvd3d3LnJ1LmFjLmJkXC9wdWJsaWNhdGlvblwvd3AtY29udGVudFwvdXBsb2Fkc1wvc2l0ZXNcLzExNFwvMjAyM1wvMDVcL1JVSlNCU19Db3Zlci0yNy1zY2FsZWQuanBnIn0%3D\"><br \/>\n\t\t\t\t\t\t\t<img fetchpriority=\"high\" decoding=\"async\" width=\"179\" height=\"300\" src=\"https:\/\/www.ru.ac.bd\/publication\/wp-content\/uploads\/sites\/114\/2023\/05\/RUJSBS_Cover-27-179x300.jpg\" class=\"attachment-medium size-medium wp-image-1224\" alt=\"\" srcset=\"https:\/\/www.ru.ac.bd\/publication\/wp-content\/uploads\/sites\/114\/2023\/05\/RUJSBS_Cover-27-179x300.jpg 179w, https:\/\/www.ru.ac.bd\/publication\/wp-content\/uploads\/sites\/114\/2023\/05\/RUJSBS_Cover-27-612x1024.jpg 612w, https:\/\/www.ru.ac.bd\/publication\/wp-content\/uploads\/sites\/114\/2023\/05\/RUJSBS_Cover-27-768x1285.jpg 768w, https:\/\/www.ru.ac.bd\/publication\/wp-content\/uploads\/sites\/114\/2023\/05\/RUJSBS_Cover-27-918x1536.jpg 918w, https:\/\/www.ru.ac.bd\/publication\/wp-content\/uploads\/sites\/114\/2023\/05\/RUJSBS_Cover-27-1224x2048.jpg 1224w, https:\/\/www.ru.ac.bd\/publication\/wp-content\/uploads\/sites\/114\/2023\/05\/RUJSBS_Cover-27-scaled.jpg 1530w\" sizes=\"(max-width: 179px) 100vw, 179px\" \/>\t\t\t\t\t\t\t\t<\/a><figcaption class=\"widget-image-caption wp-caption-text\">RUJSSBS 27, 2019 Cover<\/figcaption><\/figure>\n<\/div>\n<\/div>\n<div class=\"elementor-element elementor-element-2a31d15 elementor-widget elementor-widget-text-editor\" data-id=\"2a31d15\" data-element_type=\"widget\" data-widget_type=\"text-editor.default\">\n<div class=\"elementor-widget-container\">\n<h3><strong>Rajshahi<\/strong><strong>&nbsp;University<\/strong><strong>&nbsp;Journal&nbsp;<\/strong><strong>of&nbsp;<\/strong><strong>Social Science and Business Studies Vol.27, 2019<\/strong><\/h3>\n<p><strong>ISSN 2309-0944 (Print)<br \/>ISSN 2408-8811 (Online)<\/strong><\/p>\n<p><strong><em>Key title<br \/><\/em><\/strong>Rajshahi University journal of social science and business studies<\/p>\n<p><strong><em>Abbreviated key title<br \/><\/em><\/strong>Rajshahi Univ. j. soc. sci. bus. stud.<\/p>\n<p><strong><em>Parallel&nbsp;title<br \/><\/em><\/strong>R\u0101ja\u015b\u0101h\u012b iunibh\u0101rasiti j\u0101rn\u0101la aba so\u015b\u0101la s\u0101yensa end\u0323a bijanesa st\u0101d\u0323ija<\/p>\n<p>An Official Journal of the University of Rajshahi<\/p>\n\n<p><a href=\"https:\/\/www.ru.ac.bd\/publication\/wp-content\/uploads\/sites\/114\/2023\/05\/RUJSSBS-Vol.-27-2019-FrontMatter.pdf\" target=\"_blank\" style=\"font-family: var( --e-global-typography-text-font-family ), Sans-serif\"><b>FrontMatter&nbsp;<\/b><\/a>[Publication info, Editorial Note, and Content]<\/p>\n<div align=\"center\">\n<table border=\"0\" cellspacing=\"0\" cellpadding=\"0\" width=\"662\" style=\"width: 496.5pt\">\n<tbody>\n<tr>\n<td width=\"37\" style=\"width: 27.8pt;border-width: 1pt;padding: 7.5pt\">\n<p style=\"margin:0in;margin-bottom:.0001pt\"><b><span style=\"font-size:10.0pt\">SL<\/span><\/b><span style=\"font-size: 10.0pt\"><\/span><\/p>\n<\/td>\n<td width=\"555\" style=\"width: 416.2pt;border-top-width: 1pt;border-right-width: 1pt;border-bottom-width: 1pt;border-left: none;padding: 7.5pt\">\n<p align=\"center\" style=\"margin: 0in 0in 0.0001pt;text-align: center\"><b><span style=\"font-size:10.0pt\">TITLE &amp; AUTHOR<\/span><\/b><span style=\"font-size:10.0pt\"><\/span><\/p>\n<\/td>\n<td width=\"70\" style=\"width: 52.5pt;border-top-width: 1pt;border-right-width: 1pt;border-bottom-width: 1pt;border-left: none;padding: 7.5pt\">\n<p align=\"center\" style=\"margin: 0in 0in 0.0001pt;text-align: center\"><b><span style=\"font-size:10.0pt\">PAGE<\/span><\/b><span style=\"font-size:10.0pt\"><\/span><\/p>\n<\/td>\n<\/tr>\n<tr style=\"height: 50.7pt\">\n<td width=\"37\" style=\"width: 27.8pt;border-right-width: 1pt;border-bottom-width: 1pt;border-left-width: 1pt;border-top: none;padding: 7.5pt;height: 50.7pt;background-image: initial;background-position: initial;background-size: initial;background-attachment: initial\">\n<p style=\"margin: 0in 0in 0.0001pt\"><span style=\"font-size:10.0pt\">1.<\/span><\/p>\n<\/td>\n<td width=\"555\" style=\"width: 416.2pt;border-top: none;border-left: none;border-bottom-width: 1pt;border-right-width: 1pt;padding: 7.5pt;height: 50.7pt;background-image: initial;background-position: initial;background-size: initial;background-attachment: initial\">\n<p style=\"margin: 0in 0in 0.0001pt\"><span style=\"font-size:10.0pt\"><a href=\"https:\/\/www.ru.ac.bd\/publication\/wp-content\/uploads\/sites\/114\/2023\/05\/1-C-431-Investigation-of-Glass-Ceiling-Phenomenon-Md.-Azizur-Rahman.pdf\" target=\"_blank\"><b>Investigation of Glass Ceiling Phenomenon: Empirical Evidence from the Banking Sector of Bangladesh<\/b><\/a><b><br \/>  \u2014&nbsp;Mohammad Azizur&nbsp;Rahman,&nbsp;Md. Omar Faruk Sarker,&nbsp;and&nbsp;Md. Kamruzzaman<\/b><\/span><\/p>\n<\/td>\n<td width=\"70\" style=\"width: 52.5pt;border-top: none;border-left: none;border-bottom-width: 1pt;border-right-width: 1pt;padding: 7.5pt;height: 50.7pt;background-image: initial;background-position: initial;background-size: initial;background-attachment: initial\">\n<p align=\"center\" style=\"margin: 0in 0in 0.0001pt;text-align: center\"><span style=\"font-size:10.0pt;color:#212529\">1-16<\/span><span style=\"font-size:10.0pt\"><\/span><\/p>\n<\/td>\n<\/tr>\n<tr>\n<td width=\"37\" style=\"width: 27.8pt;border-right-width: 1pt;border-bottom-width: 1pt;border-left-width: 1pt;border-top: none;padding: 7.5pt\">\n<p style=\"margin: 0in 0in 0.0001pt\"><span style=\"font-size:10.0pt\">2.<\/span><\/p>\n<\/td>\n<td width=\"555\" style=\"width: 416.2pt;border-top: none;border-left: none;border-bottom-width: 1pt;border-right-width: 1pt;padding: 7.5pt\">\n<p style=\"margin: 0in 0in 0.0001pt\"><span style=\"font-size:10.0pt\"><a href=\"https:\/\/www.ru.ac.bd\/publication\/wp-content\/uploads\/sites\/114\/2023\/05\/2-C-454-The-portrayal-of-Masculinity-ABM-Saiful-Islam.pdf\" target=\"_blank\"><b>Portrayal of&nbsp;Masculinity&nbsp;in&nbsp;James Bond&nbsp;Movies: An Analysis of Changing Patterns&nbsp;<\/b><\/a><b><br \/>  \u2014&nbsp;A B M Saiful&nbsp;Islam&nbsp;<\/b><\/span><\/p>\n<\/td>\n<td width=\"70\" style=\"width: 52.5pt;border-top: none;border-left: none;border-bottom-width: 1pt;border-right-width: 1pt;padding: 7.5pt\">\n<p align=\"center\" style=\"margin: 0in 0in 0.0001pt;text-align: center\"><span style=\"font-size:10.0pt;color:#212529\">17-36<\/span><span style=\"font-size:10.0pt\"><\/span><\/p>\n<\/td>\n<\/tr>\n<tr>\n<td width=\"37\" style=\"width: 27.8pt;border-right-width: 1pt;border-bottom-width: 1pt;border-left-width: 1pt;border-top: none;padding: 7.5pt;background-image: initial;background-position: initial;background-size: initial;background-attachment: initial\">\n<p style=\"margin: 0in 0in 0.0001pt\"><span style=\"font-size:10.0pt\">3.<\/span><\/p>\n<\/td>\n<td width=\"555\" style=\"width: 416.2pt;border-top: none;border-left: none;border-bottom-width: 1pt;border-right-width: 1pt;padding: 7.5pt;background-image: initial;background-position: initial;background-size: initial;background-attachment: initial\">\n<p style=\"margin: 0in 0in 0.0001pt\"><span style=\"font-size:10.0pt\"><a href=\"https:\/\/www.ru.ac.bd\/publication\/wp-content\/uploads\/sites\/114\/2023\/05\/3-C-435-Impact-of-Attending-Training-Programs-Lutfun-Naher.pdf\" target=\"_blank\"><b>Impact of Attending&nbsp;Training&nbsp;Programs on Income: An Analysis Using Bangladesh Quarterly Labour Force&nbsp;Survey 2015-2016&nbsp;&nbsp;<\/b><\/a><b><br \/>  \u2014&nbsp;Lutfun&nbsp;Naher&nbsp;and&nbsp;Mohammad Abul Hossain&nbsp;<\/b><\/span><\/p>\n<\/td>\n<td width=\"70\" style=\"width: 52.5pt;border-top: none;border-left: none;border-bottom-width: 1pt;border-right-width: 1pt;padding: 7.5pt;background-image: initial;background-position: initial;background-size: initial;background-attachment: initial\">\n<p align=\"center\" style=\"margin: 0in 0in 0.0001pt;text-align: center\"><span style=\"font-size:10.0pt;color:#212529\">37-52<\/span><span style=\"font-size:10.0pt\"><\/span><\/p>\n<\/td>\n<\/tr>\n<tr>\n<td width=\"37\" style=\"width: 27.8pt;border-right-width: 1pt;border-bottom-width: 1pt;border-left-width: 1pt;border-top: none;padding: 7.5pt\">\n<p style=\"margin: 0in 0in 0.0001pt\"><span style=\"font-size:10.0pt\">4<b>.<\/b><\/span><\/p>\n<\/td>\n<td width=\"555\" style=\"width: 416.2pt;border-top: none;border-left: none;border-bottom-width: 1pt;border-right-width: 1pt;padding: 7.5pt\">\n<p style=\"margin: 0in 0in 0.0001pt\"><span style=\"font-size:10.0pt\"><a href=\"https:\/\/www.ru.ac.bd\/publication\/wp-content\/uploads\/sites\/114\/2023\/05\/4-C-453-Information-Sharing-Parveen-Sultana.pdf\" target=\"_blank\"><b>Information Sharing&nbsp;on Social&nbsp;Networking Sites by the Higher Secondary Teachers: A Case Study in Mymensingh&nbsp;Division<\/b><\/a><b><br \/>  \u2014 Mst. Parveen&nbsp;Sultana and&nbsp;Taffatur Reduan<\/b><\/span><\/p>\n<\/td>\n<td width=\"70\" style=\"width: 52.5pt;border-top: none;border-left: none;border-bottom-width: 1pt;border-right-width: 1pt;padding: 7.5pt\">\n<p align=\"center\" style=\"margin: 0in 0in 0.0001pt;text-align: center\"><span style=\"font-size:10.0pt;color:#212529\">53-64<\/span><span style=\"font-size:10.0pt\"><\/span><\/p>\n<\/td>\n<\/tr>\n<tr>\n<td width=\"37\" style=\"width: 27.8pt;border-right-width: 1pt;border-bottom-width: 1pt;border-left-width: 1pt;border-top: none;padding: 7.5pt;background-image: initial;background-position: initial;background-size: initial;background-attachment: initial\">\n<p style=\"margin: 0in 0in 0.0001pt\"><span style=\"font-size:10.0pt\">5.<\/span><\/p>\n<\/td>\n<td width=\"555\" style=\"width: 416.2pt;border-top: none;border-left: none;border-bottom-width: 1pt;border-right-width: 1pt;padding: 7.5pt;background-image: initial;background-position: initial;background-size: initial;background-attachment: initial\">\n<p style=\"margin: 0in 0in 0.0001pt\"><span style=\"font-size:10.0pt\"><a href=\"https:\/\/www.ru.ac.bd\/publication\/wp-content\/uploads\/sites\/114\/2023\/05\/5-C-429-Rule-of-Law-Most.-Rukshana-Parvin.pdf\" target=\"_blank\"><b>Rule of Law,&nbsp;Constitutional&nbsp;Obligation and State of Good Governance: Bangladesh&nbsp;Perspective<\/b><\/a><b><br \/>  \u2014 Most. Rukshana&nbsp;Parvin<\/b><\/span><\/p>\n<\/td>\n<td width=\"70\" style=\"width: 52.5pt;border-top: none;border-left: none;border-bottom-width: 1pt;border-right-width: 1pt;padding: 7.5pt;background-image: initial;background-position: initial;background-size: initial;background-attachment: initial\">\n<p align=\"center\" style=\"margin: 0in 0in 0.0001pt;text-align: center\"><span style=\"font-size:10.0pt;color:#212529\">65-75<\/span><span style=\"font-size:10.0pt\"><\/span><\/p>\n<\/td>\n<\/tr>\n<tr>\n<td width=\"37\" style=\"width: 27.8pt;border-right-width: 1pt;border-bottom-width: 1pt;border-left-width: 1pt;border-top: none;padding: 7.5pt\">\n<p style=\"margin: 0in 0in 0.0001pt\"><span style=\"font-size:10.0pt\">6.<\/span><\/p>\n<\/td>\n<td width=\"555\" style=\"width: 416.2pt;border-top: none;border-left: none;border-bottom-width: 1pt;border-right-width: 1pt;padding: 7.5pt\">\n<p style=\"margin: 0in 0in 0.0001pt\"><span style=\"font-size:10.0pt\"><a href=\"https:\/\/www.ru.ac.bd\/publication\/wp-content\/uploads\/sites\/114\/2023\/05\/6-C-436-PPP-Fit-for-Purpose-M.-Taslim-Uddin.pdf\" target=\"_blank\"><b>Are&nbsp;Public-Private&nbsp;Partnerships Fit for Purpose? Evidence from the South<br \/>  Asian Region<\/b><\/a><b><br \/>  \u2014 Mohammad Taslim Uddin<\/b><\/span><\/p>\n<\/td>\n<td width=\"70\" style=\"width: 52.5pt;border-top: none;border-left: none;border-bottom-width: 1pt;border-right-width: 1pt;padding: 7.5pt\">\n<p align=\"center\" style=\"margin: 0in 0in 0.0001pt;text-align: center\"><span style=\"font-size:10.0pt;color:#212529\">77-93<\/span><span style=\"font-size:10.0pt\"><\/span><\/p>\n<\/td>\n<\/tr>\n<tr>\n<td width=\"37\" style=\"width: 27.8pt;border-right-width: 1pt;border-bottom-width: 1pt;border-left-width: 1pt;border-top: none;padding: 7.5pt;background-image: initial;background-position: initial;background-size: initial;background-attachment: initial\">\n<p style=\"margin: 0in 0in 0.0001pt\"><span style=\"font-size:10.0pt\">7.<\/span><\/p>\n<\/td>\n<td width=\"555\" style=\"width: 416.2pt;border-top: none;border-left: none;border-bottom-width: 1pt;border-right-width: 1pt;padding: 7.5pt;background-image: initial;background-position: initial;background-size: initial;background-attachment: initial\">\n<p style=\"margin: 0in 0in 0.0001pt\"><span style=\"font-size:10.0pt\"><a href=\"https:\/\/www.ru.ac.bd\/publication\/wp-content\/uploads\/sites\/114\/2023\/05\/7-C-455-Music-industry-on-digital-platform-Md.-Mozammel-H.-Bokul.pdf\" target=\"_blank\"><b>Music Industry on Digital Platform:&nbsp;A Study on Five Major Music Labels of Bangladesh<\/b><\/a><b><br \/>  \u2014 Md. Mozammel Hossain Bokul<\/b><\/span><\/p>\n<\/td>\n<td width=\"70\" style=\"width: 52.5pt;border-top: none;border-left: none;border-bottom-width: 1pt;border-right-width: 1pt;padding: 7.5pt;background-image: initial;background-position: initial;background-size: initial;background-attachment: initial\">\n<p align=\"center\" style=\"margin: 0in 0in 0.0001pt;text-align: center\"><span style=\"font-size:10.0pt;color:#212529\">95-119<\/span><span style=\"font-size:10.0pt\"><\/span><\/p>\n<\/td>\n<\/tr>\n<tr>\n<td width=\"37\" style=\"width: 27.8pt;border-right-width: 1pt;border-bottom-width: 1pt;border-left-width: 1pt;border-top: none;padding: 7.5pt\">\n<p style=\"margin: 0in 0in 0.0001pt\"><span style=\"font-size:10.0pt\">8<\/span><\/p>\n<\/td>\n<td width=\"555\" style=\"width: 416.2pt;border-top: none;border-left: none;border-bottom-width: 1pt;border-right-width: 1pt;padding: 7.5pt\">\n<p style=\"margin: 0in 0in 0.0001pt\"><span style=\"font-size:10.0pt\"><a href=\"https:\/\/www.ru.ac.bd\/publication\/wp-content\/uploads\/sites\/114\/2023\/05\/8-C-452-Domestic-Violence-Against-Women-Faruk-Shah.pdf\" target=\"_blank\"><b>Contemporary Trends&nbsp;of&nbsp;Domestic Violence against Women in Bangladesh: Unveiling Growth Patterns and&nbsp;Age-sensitivity<\/b><\/a><b><br \/>  \u2014 Md. Rafid Abrar Miah, Md. Faruk&nbsp;Shah, Shanjida Habib&nbsp; Swarna, and Loban Rahman<\/b><\/span><\/p>\n<\/td>\n<td width=\"70\" style=\"width: 52.5pt;border-top: none;border-left: none;border-bottom-width: 1pt;border-right-width: 1pt;padding: 7.5pt\">\n<p align=\"center\" style=\"margin: 0in 0in 0.0001pt;text-align: center\"><span style=\"font-size:10.0pt;color:#212529\">121-135<\/span><span style=\"font-size:10.0pt\"><\/span><\/p>\n<\/td>\n<\/tr>\n<\/tbody>\n<\/table>\n<\/div>\n<div align=\"center\">\n<table class=\"MsoTableGrid\" border=\"0\" cellspacing=\"0\" cellpadding=\"0\" width=\"661\" style=\"width: 495.45pt;border-width: initial;border-style: none;border-color: initial\">\n<tbody>\n<tr>\n<td width=\"220\" valign=\"top\" style=\"width:165.15pt;padding:0in 5.4pt 0in 5.4pt\">\n<p class=\"MsoNormal\" style=\"margin-bottom:0in;margin-bottom:.0001pt;line-height: normal\"><a href=\"https:\/\/www.ru.ac.bd\/publication\/rujssbs-v-26\/\" target=\"_blank\"><b>&lt;&lt; Previous Vol.<\/b><\/a><\/p>\n<\/td>\n<td width=\"220\" valign=\"top\" style=\"width:165.15pt;padding:0in 5.4pt 0in 5.4pt\">\n<p class=\"MsoNormal\" align=\"center\" style=\"margin-bottom:0in;margin-bottom:.0001pt;text-align:center;line-height:normal\"><a href=\"https:\/\/www.ru.ac.bd\/publication\/wp-content\/uploads\/sites\/114\/2023\/05\/RUSSBS-Vol.27-2019-Guidelines-For-Author.pdf\" target=\"_blank\"><b>Instructions to Authors<\/b><\/a><\/p>\n<\/td>\n<td width=\"220\" valign=\"top\" style=\"width:165.15pt;padding:0in 5.4pt 0in 5.4pt\">\n<p class=\"MsoNormal\" align=\"right\" style=\"margin-bottom:0in;margin-bottom:.0001pt;text-align:right;line-height:normal\"><b><span style=\"font-size:10.0pt\">Next Vol. &gt;&gt;<\/span><\/b><\/p>\n<\/td>\n<\/tr>\n<\/tbody>\n<\/table>\n<\/div>\n<div>\n<div align=\"center\">\n<table class=\"MsoTableGrid\" border=\"0\" cellspacing=\"0\" cellpadding=\"0\" width=\"661\" style=\"width: 495.45pt;border-width: initial;border-style: none;border-color: initial\">\n<tbody>\n<tr>\n<td width=\"661\" valign=\"top\" style=\"width:495.45pt;padding:0in 5.4pt 0in 5.4pt\">\n<p class=\"MsoNormal\" align=\"center\" style=\"margin-bottom: 0.0001pt;text-align: center;line-height: normal;background-image: initial;background-position: initial;background-size: initial;background-attachment: initial\"><a href=\"https:\/\/www.ru.ac.bd\/publication\/journals\/rajshahi-university-journal-of-social-science-and-business-studies\/\" target=\"_blank\"><b>RETURN TO RUJSSBS<\/b><\/a><\/p>\n<\/td>\n<\/tr>\n<\/tbody>\n<\/table>\n<\/div>\n<\/div><\/div>\n<\/div>\n<\/div>\n<\/div>\n<\/div>\n<\/section><\/div>\n","protected":false},"excerpt":{"rendered":"<p>\/*! elementor &#8211; v3.10.2 &#8211; 29-01-2023 *\/ .elementor-widget-image{text-align:center}.elementor-widget-image a{display:inline-block}.elementor-widget-image a img[src$=&#8221;.svg&#8221;]{width:48px}.elementor-widget-image img{vertical-align:middle;display:inline-block} RUJSSBS 27, 2019 Cover Rajshahi&nbsp;University&nbsp;Journal&nbsp;of&nbsp;Social Science and Business Studies Vol.27, 2019 ISSN 2309-0944 (Print)ISSN 2408-8811 (Online) Key titleRajshahi University journal of social science and business studies Abbreviated key titleRajshahi Univ. j. soc. sci. bus. stud. Parallel&nbsp;titleR\u0101ja\u015b\u0101h\u012b iunibh\u0101rasiti j\u0101rn\u0101la aba so\u015b\u0101la s\u0101yensa end\u0323a bijanesa [&hellip;]<\/p>\n","protected":false},"author":121,"featured_media":0,"parent":319,"menu_order":0,"comment_status":"closed","ping_status":"closed","template":"templates\/page-sidebar.php","meta":{"footnotes":""},"class_list":["post-768","page","type-page","status-publish","hentry"],"_links":{"self":[{"href":"https:\/\/www.ru.ac.bd\/publication\/wp-json\/wp\/v2\/pages\/768","targetHints":{"allow":["GET"]}}],"collection":[{"href":"https:\/\/www.ru.ac.bd\/publication\/wp-json\/wp\/v2\/pages"}],"about":[{"href":"https:\/\/www.ru.ac.bd\/publication\/wp-json\/wp\/v2\/types\/page"}],"author":[{"embeddable":true,"href":"https:\/\/www.ru.ac.bd\/publication\/wp-json\/wp\/v2\/users\/121"}],"replies":[{"embeddable":true,"href":"https:\/\/www.ru.ac.bd\/publication\/wp-json\/wp\/v2\/comments?post=768"}],"version-history":[{"count":124,"href":"https:\/\/www.ru.ac.bd\/publication\/wp-json\/wp\/v2\/pages\/768\/revisions"}],"predecessor-version":[{"id":1494,"href":"https:\/\/www.ru.ac.bd\/publication\/wp-json\/wp\/v2\/pages\/768\/revisions\/1494"}],"up":[{"embeddable":true,"href":"https:\/\/www.ru.ac.bd\/publication\/wp-json\/wp\/v2\/pages\/319"}],"wp:attachment":[{"href":"https:\/\/www.ru.ac.bd\/publication\/wp-json\/wp\/v2\/media?parent=768"}],"curies":[{"name":"wp","href":"https:\/\/api.w.org\/{rel}","templated":true}]}}