{"id":576,"date":"2022-07-26T05:17:22","date_gmt":"2022-07-26T05:17:22","guid":{"rendered":"https:\/\/www.ru.ac.bd\/publication\/?page_id=576"},"modified":"2024-12-02T06:05:45","modified_gmt":"2024-12-02T06:05:45","slug":"rujal","status":"publish","type":"page","link":"https:\/\/www.ru.ac.bd\/publication\/journals\/rujal\/","title":{"rendered":"Rajshahi University Journal of Arts &amp; Law"},"content":{"rendered":"\n<div data-elementor-type=\"wp-page\" data-elementor-id=\"576\" class=\"elementor elementor-576\" data-elementor-post-type=\"page\">\n<section class=\"elementor-section elementor-top-section elementor-element elementor-element-fc3fa95 elementor-section-boxed elementor-section-height-default elementor-section-height-default\" data-id=\"fc3fa95\" data-element_type=\"section\">\n<div class=\"elementor-container elementor-column-gap-default\">\n<div class=\"elementor-column elementor-col-100 elementor-top-column elementor-element elementor-element-e025b01\" data-id=\"e025b01\" data-element_type=\"column\">\n<div class=\"elementor-widget-wrap elementor-element-populated\">\n<section class=\"elementor-section elementor-inner-section elementor-element elementor-element-021b923 elementor-section-boxed elementor-section-height-default elementor-section-height-default\" data-id=\"021b923\" data-element_type=\"section\">\n<div class=\"elementor-container elementor-column-gap-default\">\n<div class=\"elementor-column elementor-col-100 elementor-inner-column elementor-element elementor-element-d0589a6\" data-id=\"d0589a6\" data-element_type=\"column\">\n<div class=\"elementor-widget-wrap elementor-element-populated\">\n<div class=\"elementor-element elementor-element-7700ed4 elementor-align-center elementor-widget elementor-widget-button\" data-id=\"7700ed4\" data-element_type=\"widget\" data-widget_type=\"button.default\">\n<div class=\"elementor-widget-container\">\n<div class=\"elementor-button-wrapper\">\n\t\t\t\t\t<a class=\"elementor-button elementor-button-link elementor-size-sm\" href=\"https:\/\/www.ru.ac.bd\/publication\/journals\/rujal\/rujal-51-2023\/\"><br \/>\n\t\t\t\t\t\t<span class=\"elementor-button-content-wrapper\"><br \/>\n\t\t\t\t\t\t\t\t\t<span class=\"elementor-button-text\">Download Latest Issue<\/span><br \/>\n\t\t\t\t\t<\/span><br \/>\n\t\t\t\t\t<\/a>\n\t\t\t\t<\/div>\n<\/div>\n<\/div>\n<\/div>\n<\/div>\n<\/div>\n<\/section>\n<div class=\"elementor-element elementor-element-61411b8 elementor-widget elementor-widget-text-editor\" data-id=\"61411b8\" data-element_type=\"widget\" data-widget_type=\"text-editor.default\">\n<div class=\"elementor-widget-container\">\n<div>\n<h4 style=\"text-align: center\"><span style=\"font-weight: bolder\">Rajshahi University Journal of Arts &amp; Law<\/span><\/h4>\n<p style=\"text-align: center\"><span style=\"font-weight: bolder\">ISSN 2309-0898 (Print)<br \/>ISSN 2408-8773 (Online)<\/span><\/p>\n<p style=\"text-align: center\"><span style=\"font-weight: 700\">Previous Title<\/span><br \/>Rajshahi University Studies Part A (Arts &amp; Law)<\/p>\n<p style=\"text-align: center\"><span style=\"font-family: var( --e-global-typography-text-font-family ), Sans-serif\"><em><span style=\"font-weight: 700\">Key title<br \/><\/span><\/em><\/span><span style=\"font-family: var( --e-global-typography-text-font-family ), Sans-serif;font-weight: var( --e-global-typography-text-font-weight )\">Rajshahi University journal of arts &amp; law<\/span><\/p>\n<p style=\"text-align: center\"><span style=\"font-weight: bolder\"><em>Abbreviated key title<br \/><\/em><\/span>Rajshahi Univ. j. soc. sci. arts law<\/p>\n<p style=\"text-align: center\"><span style=\"font-weight: bolder\"><em>Parallel&nbsp;title<br \/><\/em><\/span>R\u0101ja\u015b\u0101h\u012b iunibh\u0101rasi\u1e6di j\u0101rn\u0101la aba \u0101r\u1e6dasa end\u0323a la<\/p>\n<p style=\"text-align: center\">An Official Journal of the University of Rajshahi<\/p>\n<\/div>\n<h6><\/h6>\n<h5><b>Current Editorial Board<\/b><\/h5>\n<div>\n<div><u><span style=\"font-weight: 700;font-family: var( --e-global-typography-text-font-family ), Sans-serif\">EDITOR IN CHIEF<\/span><\/u><\/div>\n<div><span style=\"font-weight: 700;font-family: var( --e-global-typography-text-font-family ), Sans-serif\">Professor Dr. Md. Fazlul Haque<\/span><\/div>\n<div>Department of Islamic History &amp; Culture, RU<\/div>\n<div><a href=\"http:\/\/rurfid.ru.ac.bd\/ru_profile\/public\/teacher\/20400839\/profile\" target=\"_blank\">[Profile]<\/a><\/div>\n<div><b><br \/><\/b><\/div>\n<p><b><u>MEMBERS<\/u><\/b><\/p>\n<div><b>Professor Dr. Mortuza Khaled<\/b><\/div>\n<p>Department of History, RU<br \/><a href=\"http:\/\/rurfid.ru.ac.bd\/ru_profile\/public\/teacher\/20300816\/profile\" target=\"_blank\">[Profile]<\/a><\/p>\n<p><b>Professor Dr. Muhammad Belal Hossain<br \/><\/b>Department of Islamic Studies, RU<br \/><a href=\"http:\/\/rurfid.ru.ac.bd\/ru_profile\/public\/teacher\/20600893\/profile\" target=\"_blank\">[<\/a><a href=\"http:\/\/rurfid.ru.ac.bd\/ru_profile\/public\/teacher\/20600893\/profile\" target=\"_blank\">Profile]<\/a><\/p>\n<p><span style=\"font-weight: 700\">Professor Dr. Md. Shahid Iqbal<br \/><\/span>Department of Bangla, RU<br \/><a href=\"http:\/\/rurfid.ru.ac.bd\/ru_profile\/public\/teacher\/20001238\/profile\" target=\"_blank\">[Profile]<\/a><\/p>\n<p><span style=\"font-weight: 700\">Professor Dr. Md. Anisur Rahman<br \/><\/span>Department of Law, RU<br \/><span>[Profile]<\/span><b><\/b><\/p>\n<p><span><span style=\"font-weight: 700\">Professor Dr. M. Akhtar Ali<br \/><\/span>Department of Philosophy, RU<br \/><a href=\"http:\/\/rurfid.ru.ac.bd\/ru_profile\/public\/teacher\/20200864\/profile\" target=\"_blank\">[Profile]<\/a><\/span><\/p>\n<p><span style=\"font-weight: 700\">Professor Dr. A F M Maswood Akhter<br \/><\/span>Department of English, RU<br \/><a href=\"http:\/\/rurfid.ru.ac.bd\/ru_profile\/public\/teacher\/20101724\/profile\" target=\"_blank\">[Profile]<\/a><\/p>\n<p><span style=\"font-weight: 700\">Professor Dr. Mohammad Ali<br \/><\/span>Department of Graphic Design, Crafts and History of Art RU<br \/><a href=\"http:\/\/103.79.117.242\/ru_profile\/public\/teacher\/25201900\/profile\" target=\"_blank\">[Profile]<\/a><\/p>\n<p><span style=\"font-weight: 700\">Professor Dr. Md. Ataur Rahman<br \/><\/span>Department of Theatre, RU<br \/><a href=\"http:\/\/rurfid.ru.ac.bd\/ru_profile\/public\/teacher\/21001902\/profile\" target=\"_blank\">[Profile]<\/a><\/p>\n<p><u style=\"font-weight: 700\">MEMBER-SECRETRY&nbsp;<\/u><\/p>\n<div><span style=\"font-weight: 700\">Muhammad Sadequl Islam<\/span><\/div>\n<div>\n<div>Deputy Chief Information Officer<\/div>\n<div>Publications Office, RU<\/div>\n<\/div>\n<div><b style=\"color: var( --e-global-color-text );font-family: var( --e-global-typography-text-font-family ), Sans-serif\"><br \/><\/b><\/div>\n<div><span style=\"font-weight: 700;color: var( --e-global-color-secondary )\">Rajshahi University Journal of Arts &amp; Law<\/span><\/div>\n<div><span style=\"font-weight: 700;color: var( --e-global-color-secondary )\"><br \/><\/span><\/div>\n<div>\n<div style=\"text-align: left\"><\/div>\n<\/div>\n<\/div>\n<div>\n<p><a href=\"https:\/\/www.ru.ac.bd\/publication\/journals\/rujal\/rujal-51-2023\/\" target=\"_blank\">R<b>ajshahi University Journal of Arts &amp; Law&nbsp;V.51. 2023<\/b><\/a><\/p>\n<p><a href=\"https:\/\/www.ru.ac.bd\/publication\/journals\/rujal\/rujal-51-2023\/\" target=\"_blank\"><\/a><\/p>\n<p><a href=\"https:\/\/www.ru.ac.bd\/publication\/journals\/rujal\/rujal-50-2022\/\" target=\"_blank\"><b>R<\/b><\/a><a href=\"https:\/\/www.ru.ac.bd\/publication\/journals\/rujal\/rujal-50-2022\/\" target=\"_blank\"><b>ajshahi University Journal of Arts &amp; Law&nbsp;V.50. 2022<\/b><\/a><\/p>\n<p><a href=\"https:\/\/www.ru.ac.bd\/publication\/journals\/rujal\/rujal-50-2022\/\" target=\"_blank\"><\/a><a href=\"https:\/\/www.ru.ac.bd\/publication\/journals\/rujal\/rujal-50-2022\/\" target=\"_blank\"><\/a><\/p>\n<p><a href=\"https:\/\/www.ru.ac.bd\/publication\/journals\/rujal\/rujal-49-2021\/\" target=\"_blank\"><b>Rajshahi University Journal of Arts &amp; Law&nbsp;V.49. 2021<\/b><\/a><\/p>\n<p><span style=\"font-weight: 700\">Rajshahi University Journal of Arts &amp; Law&nbsp;V.48. 2020<\/span><\/p>\n<p><span style=\"font-weight: 700\">Rajshahi University Journal of Arts &amp; Law&nbsp;V.47. 2019<\/span><\/p>\n<p><span style=\"font-weight: 700\">Rajshahi University Journal of Arts &amp; Law&nbsp;V.46. 2018<\/span><\/p>\n<p><span style=\"font-weight: 700\"><br \/><\/span><\/p>\n<div><a href=\"https:\/\/www.ru.ac.bd\/publication\/journals\/rajshahi-university-journal-of-arts-law-vol-42-2014\/\">A A&amp;L ISSN 2309-0898 Rajshahi University Journal of Arts &amp; Law. Vol.42, 2014<\/a><\/div>\n<div><\/div>\n<div><a href=\"https:\/\/www.ru.ac.bd\/publication\/journals\/rajshahi-university-journal-of-arts-law-vol-43-2015\/\">A A&amp;L ISSN 2309-0898 Rajshahi University Journal of Arts &amp; Law. Vol.43, 2015<\/a><\/div>\n<div><\/div>\n<div><a href=\"https:\/\/www.ru.ac.bd\/publication\/journals\/rajshahi-university-journal-of-arts-law-vol-44-2016\/\">A A&amp;L ISSN 2309-0898 Rajshahi University Journal of Arts &amp; Law. Vol.44, 2016<\/a><\/div>\n<div><\/div>\n<div><a href=\"https:\/\/www.ru.ac.bd\/publication\/journals\/rajshahi-university-journal-of-arts-law\/\">A A&amp;L ISSN 2309-0898 Rajshahi University Journal of Arts &amp; Law. Vol.46, 2018<\/a><\/div>\n<div><\/div>\n<\/div>\n<div>\n<div><\/div>\n<\/div><\/div>\n<\/div>\n<\/div>\n<\/div>\n<\/div>\n<\/section><\/div>\n","protected":false},"excerpt":{"rendered":"<p>Download Latest Issue Rajshahi University Journal of Arts &amp; Law ISSN 2309-0898 (Print)ISSN 2408-8773 (Online) Previous TitleRajshahi University Studies Part A (Arts &amp; Law) Key titleRajshahi University journal of arts &amp; law Abbreviated key titleRajshahi Univ. j. soc. sci. arts law Parallel&nbsp;titleR\u0101ja\u015b\u0101h\u012b iunibh\u0101rasi\u1e6di j\u0101rn\u0101la aba \u0101r\u1e6dasa end\u0323a la An Official Journal of the University of [&hellip;]<\/p>\n","protected":false},"author":1,"featured_media":0,"parent":359,"menu_order":0,"comment_status":"closed","ping_status":"closed","template":"","meta":{"footnotes":""},"class_list":["post-576","page","type-page","status-publish","hentry"],"_links":{"self":[{"href":"https:\/\/www.ru.ac.bd\/publication\/wp-json\/wp\/v2\/pages\/576","targetHints":{"allow":["GET"]}}],"collection":[{"href":"https:\/\/www.ru.ac.bd\/publication\/wp-json\/wp\/v2\/pages"}],"about":[{"href":"https:\/\/www.ru.ac.bd\/publication\/wp-json\/wp\/v2\/types\/page"}],"author":[{"embeddable":true,"href":"https:\/\/www.ru.ac.bd\/publication\/wp-json\/wp\/v2\/users\/1"}],"replies":[{"embeddable":true,"href":"https:\/\/www.ru.ac.bd\/publication\/wp-json\/wp\/v2\/comments?post=576"}],"version-history":[{"count":70,"href":"https:\/\/www.ru.ac.bd\/publication\/wp-json\/wp\/v2\/pages\/576\/revisions"}],"predecessor-version":[{"id":2107,"href":"https:\/\/www.ru.ac.bd\/publication\/wp-json\/wp\/v2\/pages\/576\/revisions\/2107"}],"up":[{"embeddable":true,"href":"https:\/\/www.ru.ac.bd\/publication\/wp-json\/wp\/v2\/pages\/359"}],"wp:attachment":[{"href":"https:\/\/www.ru.ac.bd\/publication\/wp-json\/wp\/v2\/media?parent=576"}],"curies":[{"name":"wp","href":"https:\/\/api.w.org\/{rel}","templated":true}]}}