{"id":564,"date":"2022-07-26T05:09:28","date_gmt":"2022-07-26T05:09:28","guid":{"rendered":"https:\/\/www.ru.ac.bd\/publication\/?page_id=564"},"modified":"2024-10-06T06:32:00","modified_gmt":"2024-10-06T06:32:00","slug":"rujssbs-v-26","status":"publish","type":"page","link":"https:\/\/www.ru.ac.bd\/publication\/journals\/rujssbs\/rujssbs-v-26\/","title":{"rendered":"RUJSSBS Rajshahi University Journal of Social Science and Business Studies V. 26, 2018"},"content":{"rendered":"\n<div data-elementor-type=\"wp-page\" data-elementor-id=\"564\" class=\"elementor elementor-564\" data-elementor-post-type=\"page\">\n<section class=\"elementor-section elementor-top-section elementor-element elementor-element-7ceb0ab elementor-section-boxed elementor-section-height-default elementor-section-height-default\" data-id=\"7ceb0ab\" data-element_type=\"section\">\n<div class=\"elementor-container elementor-column-gap-default\">\n<div class=\"elementor-column elementor-col-100 elementor-top-column elementor-element elementor-element-8fe3672\" data-id=\"8fe3672\" data-element_type=\"column\">\n<div class=\"elementor-widget-wrap elementor-element-populated\">\n<div class=\"elementor-element elementor-element-0b6563f elementor-widget elementor-widget-image\" data-id=\"0b6563f\" data-element_type=\"widget\" data-widget_type=\"image.default\">\n<div class=\"elementor-widget-container\">\n<figure class=\"wp-caption\">\n\t\t\t\t\t\t\t\t\t\t\t<a href=\"https:\/\/www.ru.ac.bd\/publication\/wp-content\/uploads\/sites\/114\/2023\/05\/RUJSSBS-C3-1.png\" data-elementor-open-lightbox=\"yes\" data-elementor-lightbox-title=\"RUJSSBS C3\" data-e-action-hash=\"#elementor-action%3Aaction%3Dlightbox%26settings%3DeyJpZCI6IjEwMjYiLCJ1cmwiOiJodHRwczpcL1wvd3d3LnJ1LmFjLmJkXC9wdWJsaWNhdGlvblwvd3AtY29udGVudFwvdXBsb2Fkc1wvc2l0ZXNcLzExNFwvMjAyM1wvMDVcL1JVSlNTQlMtQzMtMS5wbmcifQ%3D%3D\"><br \/>\n\t\t\t\t\t\t\t<img fetchpriority=\"high\" decoding=\"async\" width=\"185\" height=\"300\" src=\"https:\/\/www.ru.ac.bd\/publication\/wp-content\/uploads\/sites\/114\/2023\/05\/RUJSSBS-C3-1-185x300.png\" class=\"attachment-medium size-medium wp-image-1026\" alt=\"\" srcset=\"https:\/\/www.ru.ac.bd\/publication\/wp-content\/uploads\/sites\/114\/2023\/05\/RUJSSBS-C3-1-185x300.png 185w, https:\/\/www.ru.ac.bd\/publication\/wp-content\/uploads\/sites\/114\/2023\/05\/RUJSSBS-C3-1-633x1024.png 633w, https:\/\/www.ru.ac.bd\/publication\/wp-content\/uploads\/sites\/114\/2023\/05\/RUJSSBS-C3-1-768x1243.png 768w, https:\/\/www.ru.ac.bd\/publication\/wp-content\/uploads\/sites\/114\/2023\/05\/RUJSSBS-C3-1-949x1536.png 949w, https:\/\/www.ru.ac.bd\/publication\/wp-content\/uploads\/sites\/114\/2023\/05\/RUJSSBS-C3-1-1266x2048.png 1266w, https:\/\/www.ru.ac.bd\/publication\/wp-content\/uploads\/sites\/114\/2023\/05\/RUJSSBS-C3-1.png 1663w\" sizes=\"(max-width: 185px) 100vw, 185px\" \/>\t\t\t\t\t\t\t\t<\/a><figcaption class=\"widget-image-caption wp-caption-text\">RUJSSBS 26, 2018 Cover<\/figcaption><\/figure>\n<\/div>\n<\/div>\n<div class=\"elementor-element elementor-element-a475ba9 elementor-widget elementor-widget-text-editor\" data-id=\"a475ba9\" data-element_type=\"widget\" data-widget_type=\"text-editor.default\">\n<div class=\"elementor-widget-container\">\n<h3><strong>Rajshahi<\/strong><strong>&nbsp;University<\/strong><strong>&nbsp;Journal&nbsp;<\/strong><strong>of&nbsp;<\/strong><strong>Social Science and Business Studies Vol.26, 2018<\/strong><\/h3>\n<p><strong>ISSN 2309-0944<\/strong><\/p>\n<p><strong><em>Key title<br \/><\/em><\/strong>Rajshahi University journal of social science and business studies<\/p>\n<p><strong><em>Abbreviated key title<br \/><\/em><\/strong>Rajshahi Univ. j. soc. sci. bus. stud.<\/p>\n<p><strong><em>Parallel&nbsp;title<br \/><\/em><\/strong>R\u0101ja\u015b\u0101h\u012b iunibh\u0101rasiti j\u0101rn\u0101la aba so\u015b\u0101la s\u0101yensa end\u0323a bijanesa st\u0101d\u0323ija<\/p>\n<p>An Official Journal of the University of Rajshahi<\/p>\n\n<p><a href=\"https:\/\/www.ru.ac.bd\/publication\/wp-content\/uploads\/sites\/114\/2023\/05\/FrontMatter.pdf\" target=\"_blank\">FrontMatter<\/a>&nbsp;[Publication info, Editorial Note, and Content]<\/p>\n<table border=\"1\" width=\"785\">\n<tbody>\n<tr>\n<td><strong>SL<\/strong><\/td>\n<td><strong>TITLE &amp; AUTHOR<\/strong><\/td>\n<td><strong>PAGE<\/strong><\/td>\n<\/tr>\n<tr>\n<td>1.<\/td>\n<td><strong><a href=\"https:\/\/www.ru.ac.bd\/publication\/wp-content\/uploads\/sites\/114\/2022\/07\/1-C-442-Access-of-Rural-Employed-Women-Ishtiaque-Selim-Sharif-M.-Hossain.pdf\" rel=\"\">Access of Rural Employed Women to Social Safety-Net Programs: Empirical Evidence from Bangladesh<\/a><br \/>\u2014 Ishtiaque Selim and Sharif M. Hossain<\/strong><\/td>\n<td>\n<pre>1-19<\/pre>\n<\/td>\n<\/tr>\n<tr>\n<td>2.<\/td>\n<td><strong><a href=\"https:\/\/www.ru.ac.bd\/publication\/wp-content\/uploads\/sites\/114\/2022\/07\/2-C-438-Economic-Analysis-of-Sugarcane-Production-Md.-Shamsuddin-Sarker.pdf\" rel=\"\">Economic Analysis of Sugarcane Production: An Empirical Study on Smallholder Farmers in the North Bengal Sugar Mills Area<\/a><br \/>\u2014 Md. Shamsuddin Sarker, Md. Azizur Rahman and Ishrat Jahan Rupa<\/strong><\/td>\n<td>\n<pre>21-33<\/pre>\n<\/td>\n<\/tr>\n<tr>\n<td>3.<\/td>\n<td><strong><a href=\"https:\/\/www.ru.ac.bd\/publication\/wp-content\/uploads\/sites\/114\/2022\/07\/3-C-441-Consumers-Attitude-towards-Organic-Foods-Evidence-from-Major-Cities-in-Bangladesh.pdf\" rel=\"\">Consumers\u2019 Attitude towards Organic Foods: Evidence from Major Cities in Bangladesh<\/a><br \/>\u2014 ANM Moinul Islam and Mohammad Nur Nobi<\/strong><\/td>\n<td>\n<pre>35-45<\/pre>\n<\/td>\n<\/tr>\n<tr>\n<td>4.<\/td>\n<td><strong><a href=\"https:\/\/www.ru.ac.bd\/publication\/wp-content\/uploads\/sites\/114\/2022\/07\/4-C-422-Rethingking-Sufism-Mostofa-Tarequl-Ahsan.pdf\" rel=\"\">Rethinking Sufism and Baulism in Bangladesh: A Post Colonial Perspective<\/a><br \/>\u2014 Mostofa Tarequl Ahsan<\/strong><\/td>\n<td>\n<pre>47-56<\/pre>\n<\/td>\n<\/tr>\n<tr>\n<td>5.<\/td>\n<td><strong><a href=\"https:\/\/www.ru.ac.bd\/publication\/wp-content\/uploads\/sites\/114\/2022\/07\/5-C-437-Nexus-Between-Remittances-Zulan-Dhar.pdf\" rel=\"\">Nexus between Remittances and the Real Exchange Rate: Evidence from Bangladesh<\/a><br \/>\u2014 Zulan Dhar<\/strong><\/td>\n<td>\n<pre>57-69<\/pre>\n<\/td>\n<\/tr>\n<tr>\n<td>6.<\/td>\n<td><strong><a href=\"https:\/\/www.ru.ac.bd\/publication\/wp-content\/uploads\/sites\/114\/2022\/07\/6-C-447-Factors-Affecting-Income-Diversification-Naznin.pdf\" rel=\"\">Factors Affecting Income Diversification of Farming Households in Rajshahi District A Microeconometric Analysis<\/a><br \/>\u2014 Naznin Sultana and Md. Elias Hossain<\/strong><\/td>\n<td>\n<pre>71-85<\/pre>\n<\/td>\n<\/tr>\n<tr>\n<td>7.<\/td>\n<td><strong><a href=\"https:\/\/www.ru.ac.bd\/publication\/wp-content\/uploads\/sites\/114\/2022\/07\/7-C-443-Human-Right-to-Social-Security-AKM-Mahmudul-Hasan.pdf\" rel=\"\">Human Right to Social Security of the Elderly People in Bangladesh A Study<\/a><br \/>\u2014 Md. Zahid Hossain, A K M Mahmudul Haque and S M Akram Ullah<\/strong><\/td>\n<td>\n<pre>87-99<\/pre>\n<\/td>\n<\/tr>\n<\/tbody>\n<\/table>\n<div align=\"center\">\n<table border=\"0\" cellspacing=\"0\" cellpadding=\"0\" width=\"661\" style=\"width: 495.45pt;border-width: initial;border-style: none;border-color: initial\">\n<tbody>\n<tr>\n<td width=\"220\" valign=\"top\" style=\"width:165.15pt;padding:0in 5.4pt 0in 5.4pt\">\n<p style=\"margin-bottom:0in;margin-bottom:.0001pt;line-height: normal\"><b><span style=\"font-size:10.0pt\">&lt;&lt; Previous Vol.<\/span><\/b><\/p>\n<\/td>\n<td width=\"220\" valign=\"top\" style=\"width:165.15pt;padding:0in 5.4pt 0in 5.4pt\">\n<p align=\"center\" style=\"margin-bottom:0in;margin-bottom:.0001pt;text-align:center;line-height:normal\"><b><span style=\"font-size:10.0pt\"><a href=\"https:\/\/www.ru.ac.bd\/publication\/wp-content\/uploads\/sites\/114\/2022\/07\/RUSSBS-Guidelines-For-Author.pdf\"><span style=\"color: windowtext\">Instructions to Authors<\/span><\/a><\/span><\/b><\/p>\n<\/td>\n<td width=\"220\" valign=\"top\" style=\"width:165.15pt;padding:0in 5.4pt 0in 5.4pt\">\n<p align=\"right\" style=\"margin-bottom:0in;margin-bottom:.0001pt;text-align:right;line-height:normal\"><a href=\"https:\/\/www.ru.ac.bd\/publication\/rujssbs-vol-27\/\" target=\"_blank\"><b>Next <\/b>Vol. &gt;&gt;<\/a><\/p>\n<\/td>\n<\/tr>\n<\/tbody>\n<\/table>\n<\/div>\n<div align=\"center\">\n<table border=\"0\" cellspacing=\"0\" cellpadding=\"0\" width=\"661\" style=\"width: 495.45pt;border-width: initial;border-style: none;border-color: initial\">\n<tbody>\n<tr>\n<td width=\"661\" valign=\"top\" style=\"width:495.45pt;padding:0in 5.4pt 0in 5.4pt\">\n<p align=\"center\" style=\"margin-bottom: 0.0001pt;text-align: center;line-height: normal;background-image: initial;background-position: initial;background-size: initial;background-attachment: initial\"><a href=\"https:\/\/www.ru.ac.bd\/publication\/journals\/rajshahi-university-journal-of-social-science-and-business-studies\/\" target=\"_blank\"><b>RETURN TO RUJSSBS<\/b><\/a><\/p>\n<\/td>\n<\/tr>\n<\/tbody>\n<\/table>\n<\/div><\/div>\n<\/div>\n<\/div>\n<\/div>\n<\/div>\n<\/section><\/div>\n","protected":false},"excerpt":{"rendered":"<p>\/*! elementor &#8211; v3.10.2 &#8211; 29-01-2023 *\/ .elementor-widget-image{text-align:center}.elementor-widget-image a{display:inline-block}.elementor-widget-image a img[src$=&#8221;.svg&#8221;]{width:48px}.elementor-widget-image img{vertical-align:middle;display:inline-block} RUJSSBS 26, 2018 Cover Rajshahi&nbsp;University&nbsp;Journal&nbsp;of&nbsp;Social Science and Business Studies Vol.26, 2018 ISSN 2309-0944 Key titleRajshahi University journal of social science and business studies Abbreviated key titleRajshahi Univ. j. soc. sci. bus. stud. Parallel&nbsp;titleR\u0101ja\u015b\u0101h\u012b iunibh\u0101rasiti j\u0101rn\u0101la aba so\u015b\u0101la s\u0101yensa end\u0323a bijanesa st\u0101d\u0323ija An Official [&hellip;]<\/p>\n","protected":false},"author":1,"featured_media":0,"parent":319,"menu_order":0,"comment_status":"closed","ping_status":"closed","template":"templates\/page-sidebar.php","meta":{"footnotes":""},"class_list":["post-564","page","type-page","status-publish","hentry"],"_links":{"self":[{"href":"https:\/\/www.ru.ac.bd\/publication\/wp-json\/wp\/v2\/pages\/564","targetHints":{"allow":["GET"]}}],"collection":[{"href":"https:\/\/www.ru.ac.bd\/publication\/wp-json\/wp\/v2\/pages"}],"about":[{"href":"https:\/\/www.ru.ac.bd\/publication\/wp-json\/wp\/v2\/types\/page"}],"author":[{"embeddable":true,"href":"https:\/\/www.ru.ac.bd\/publication\/wp-json\/wp\/v2\/users\/1"}],"replies":[{"embeddable":true,"href":"https:\/\/www.ru.ac.bd\/publication\/wp-json\/wp\/v2\/comments?post=564"}],"version-history":[{"count":51,"href":"https:\/\/www.ru.ac.bd\/publication\/wp-json\/wp\/v2\/pages\/564\/revisions"}],"predecessor-version":[{"id":1220,"href":"https:\/\/www.ru.ac.bd\/publication\/wp-json\/wp\/v2\/pages\/564\/revisions\/1220"}],"up":[{"embeddable":true,"href":"https:\/\/www.ru.ac.bd\/publication\/wp-json\/wp\/v2\/pages\/319"}],"wp:attachment":[{"href":"https:\/\/www.ru.ac.bd\/publication\/wp-json\/wp\/v2\/media?parent=564"}],"curies":[{"name":"wp","href":"https:\/\/api.w.org\/{rel}","templated":true}]}}