{"id":319,"date":"2022-06-14T07:40:58","date_gmt":"2022-06-14T07:40:58","guid":{"rendered":"https:\/\/www.ru.ac.bd\/cse\/?page_id=319"},"modified":"2025-06-03T19:53:57","modified_gmt":"2025-06-03T19:53:57","slug":"rujssbs","status":"publish","type":"page","link":"https:\/\/www.ru.ac.bd\/publication\/journals\/rujssbs\/","title":{"rendered":"Rajshahi University Journal of Social Science and Business Studies"},"content":{"rendered":"\n<div data-elementor-type=\"wp-page\" data-elementor-id=\"319\" class=\"elementor elementor-319\" data-elementor-post-type=\"page\">\n<section class=\"elementor-section elementor-top-section elementor-element elementor-element-429cbc8 elementor-section-boxed elementor-section-height-default elementor-section-height-default\" data-id=\"429cbc8\" data-element_type=\"section\">\n<div class=\"elementor-container elementor-column-gap-default\">\n<div class=\"elementor-column elementor-col-100 elementor-top-column elementor-element elementor-element-6f5842f\" data-id=\"6f5842f\" data-element_type=\"column\">\n<div class=\"elementor-widget-wrap elementor-element-populated\">\n<section class=\"elementor-section elementor-inner-section elementor-element elementor-element-d2a2288 elementor-section-boxed elementor-section-height-default elementor-section-height-default\" data-id=\"d2a2288\" data-element_type=\"section\">\n<div class=\"elementor-container elementor-column-gap-default\">\n<div class=\"elementor-column elementor-col-100 elementor-inner-column elementor-element elementor-element-384f5c2\" data-id=\"384f5c2\" data-element_type=\"column\">\n<div class=\"elementor-widget-wrap elementor-element-populated\">\n<div class=\"elementor-element elementor-element-a17909f elementor-align-center elementor-widget elementor-widget-button\" data-id=\"a17909f\" data-element_type=\"widget\" data-widget_type=\"button.default\">\n<div class=\"elementor-widget-container\">\n<div class=\"elementor-button-wrapper\">\n\t\t\t\t\t<a class=\"elementor-button elementor-button-link elementor-size-sm\" href=\"https:\/\/journal.ru.ac.bd\/rujssbs\"><br \/>\n\t\t\t\t\t\t<span class=\"elementor-button-content-wrapper\"><br \/>\n\t\t\t\t\t\t\t\t\t<span class=\"elementor-button-text\">RUJSSBS Online Journal System<\/span><br \/>\n\t\t\t\t\t<\/span><br \/>\n\t\t\t\t\t<\/a>\n\t\t\t\t<\/div>\n<\/div>\n<\/div>\n<\/div>\n<\/div>\n<\/div>\n<\/section>\n<div class=\"elementor-element elementor-element-6851127 elementor-align-center elementor-widget elementor-widget-button\" data-id=\"6851127\" data-element_type=\"widget\" data-widget_type=\"button.default\">\n<div class=\"elementor-widget-container\">\n<div class=\"elementor-button-wrapper\">\n\t\t\t\t\t<a class=\"elementor-button elementor-button-link elementor-size-sm\" href=\"https:\/\/journal.ru.ac.bd\/rujssbs\/about\/submissions\"><br \/>\n\t\t\t\t\t\t<span class=\"elementor-button-content-wrapper\"><br \/>\n\t\t\t\t\t\t\t\t\t<span class=\"elementor-button-text\">Submit Your Article Online<\/span><br \/>\n\t\t\t\t\t<\/span><br \/>\n\t\t\t\t\t<\/a>\n\t\t\t\t<\/div>\n<\/div>\n<\/div>\n<div class=\"elementor-element elementor-element-8e90d70 elementor-widget elementor-widget-text-editor\" data-id=\"8e90d70\" data-element_type=\"widget\" data-widget_type=\"text-editor.default\">\n<div class=\"elementor-widget-container\">\n<h3 style=\"text-align: center\"><span style=\"font-weight: bolder\">Rajshahi<\/span><span style=\"font-weight: bolder\">&nbsp;University<\/span><span style=\"font-weight: bolder\">&nbsp;Journal&nbsp;<\/span><span style=\"font-weight: bolder\">of&nbsp;<\/span><span style=\"font-weight: bolder\">Social Science and Business Studies<\/span><\/h3>\n<p style=\"text-align: center\"><span style=\"font-weight: bolder\">ISSN 2309-0944 (Print)<br \/>ISSN 2408-8811 (Online)<\/span><\/p>\n<p style=\"text-align: center\"><span style=\"font-weight: bolder\"><em>Key title<br \/><\/em><\/span>Rajshahi University journal of social science and business studies<\/p>\n<p style=\"text-align: center\"><span style=\"font-weight: bolder\"><em>Abbreviated key title<br \/><\/em><\/span>Rajshahi Univ. j. soc. sci. bus. stud.<\/p>\n<p style=\"text-align: center\"><span style=\"font-weight: bolder\"><em>Parallel&nbsp;title<br \/><\/em><\/span>R\u0101ja\u015b\u0101h\u012b iunibh\u0101rasiti j\u0101rn\u0101la aba so\u015b\u0101la s\u0101yensa end\u0323a bijanesa st\u0101d\u0323ija<\/p>\n<p style=\"text-align: center\"><i>An Official Journal of the University of Rajshahi<\/i><\/p>\n<div>\n<div><\/div>\n<\/div>\n<div>\n<div><\/div>\n<\/div><\/div>\n<\/div>\n<\/div>\n<\/div>\n<\/div>\n<\/section>\n<section class=\"elementor-section elementor-top-section elementor-element elementor-element-1b5f819 elementor-section-boxed elementor-section-height-default elementor-section-height-default\" data-id=\"1b5f819\" data-element_type=\"section\">\n<div class=\"elementor-container elementor-column-gap-default\">\n<div class=\"elementor-column elementor-col-33 elementor-top-column elementor-element elementor-element-ccabeb3\" data-id=\"ccabeb3\" data-element_type=\"column\">\n<div class=\"elementor-widget-wrap elementor-element-populated\">\n<div class=\"elementor-element elementor-element-9031e69 elementor-widget elementor-widget-text-editor\" data-id=\"9031e69\" data-element_type=\"widget\" data-widget_type=\"text-editor.default\">\n<div class=\"elementor-widget-container\">\n<h6><span style=\"font-weight: 700;font-size: 20px\">Current Editorial Board<\/span><\/h6>\n<div>\n<div><u><span style=\"font-weight: 700;font-family: var( --e-global-typography-text-font-family ), Sans-serif\">EDITOR IN CHIEF<\/span><\/u><\/div>\n<div><span style=\"font-weight: 700;font-family: var( --e-global-typography-text-font-family ), Sans-serif\">Professor Dr.<\/span><span style=\"font-weight: 700;font-family: var( --e-global-typography-text-font-family ), Sans-serif\">&nbsp;Md. Elias Hossain<\/span><\/div>\n<div>Department of Economics, RU<br \/><a href=\"http:\/\/rurfid.ru.ac.bd\/ru_profile\/public\/teacher\/21400949\/profile\" target=\"_blank\">[Profile]<\/a><\/div>\n<div><span style=\"font-weight: 700\"><br \/><\/span><\/div>\n<p><span style=\"font-weight: 700\"><u>MEMBERS<\/u><\/span><\/p>\n<div><span style=\"font-weight: 700\">Professor Dr. M. Fakrul Islam<\/span><\/div>\n<p>Department of Social Work, RU<br \/><a href=\"http:\/\/rurfid.ru.ac.bd\/ru_profile\/public\/teacher\/21301067\/profile\" target=\"_blank\">[Profile]<\/a><\/p>\n<div><span style=\"font-weight: 700\">Professor Dr. M. Zafor Sadique<\/span><\/div>\n<div>Department of Management Studies, RU<br \/><a href=\"http:\/\/rurfid.ru.ac.bd\/ru_profile\/public\/teacher\/23701121\/profile\" target=\"_blank\">[Profile]<\/a><\/div>\n<div><span style=\"font-weight: 700\"><br \/><\/span><\/div>\n<div><span style=\"font-weight: 700\">Professor Dr. M. Sayaduzzaman<\/span><\/div>\n<div>Department of Accounting and Information System, RU<\/div>\n<div><a href=\"http:\/\/rurfid.ru.ac.bd\/ru_profile\/public\/teacher\/23601279\/profile\" target=\"_blank\">[Profile]<\/a><\/div>\n<div><span style=\"font-weight: 700\"><br \/><\/span><\/div>\n<div><span style=\"font-weight: 700\">Professor Abdul Quddus<\/span><\/div>\n<p>Department of Banking and Insurance, RU<br \/><a href=\"http:\/\/rurfid.ru.ac.bd\/ru_profile\/public\/teacher\/24800394\/profile\" target=\"_blank\">[Profile]<\/a><\/p>\n<div><span style=\"font-weight: 700\">Professor Dr. M. Faridul Islam<\/span><\/div>\n<p>Department of Marketing, RU<br \/><a href=\"http:\/\/rurfid.ru.ac.bd\/ru_profile\/public\/teacher\/23800378\/profile\" target=\"_blank\">[Profile]<\/a><\/p>\n<div><span style=\"font-weight: 700\">Professor Dr. Bijoy Krishna Banik<\/span><\/div>\n<div>Department of Sociology, RU<br \/><a href=\"http:\/\/rurfid.ru.ac.bd\/ru_profile\/public\/teacher\/21201377\/profile\" target=\"_blank\">[Profile]<\/a><\/div>\n<div><span style=\"font-weight: 700\"><br \/><\/span><\/div>\n<div><span style=\"font-weight: 700\">Professor Dr. S. M. Akram Ullah<\/span><\/div>\n<div>Department of Political Science, RU<\/div>\n<div><a href=\"http:\/\/rurfid.ru.ac.bd\/ru_profile\/public\/teacher\/21101119\/profile\" target=\"_blank\">[Profile]<\/a><\/div>\n<div><span style=\"font-weight: 700\"><br \/><\/span><\/div>\n<div><span style=\"font-weight: 700\">Professor Dr. Pradip Kumar Panday<\/span><\/div>\n<p>Department of Mass Communication and Journalism, RU<br \/><a href=\"http:\/\/rurfid.ru.ac.bd\/ru_profile\/public\/teacher\/21501374\/profile\" target=\"_blank\">[Profile]<\/a><\/p>\n<div><span style=\"font-weight: 700\"><u>MEMBER-SECRETRY&nbsp;<\/u><\/span><\/div>\n<div><span style=\"font-weight: 700\">Muhammad Sadequl Islam<\/span><\/div>\n<div>\n<div>Deputy Registrar, Publications Office, RU<\/div>\n<\/div>\n<\/div><\/div>\n<\/div>\n<\/div>\n<\/div>\n<div class=\"elementor-column elementor-col-66 elementor-top-column elementor-element elementor-element-cea7e42\" data-id=\"cea7e42\" data-element_type=\"column\">\n<div class=\"elementor-widget-wrap elementor-element-populated\">\n<div class=\"elementor-element elementor-element-b1eb84c elementor-widget elementor-widget-image\" data-id=\"b1eb84c\" data-element_type=\"widget\" data-widget_type=\"image.default\">\n<div class=\"elementor-widget-container\">\n\t\t\t\t\t\t\t\t\t\t\t\t\t\t\t\t<a href=\"https:\/\/www.ru.ac.bd\/publication\/journals\/rujssbs\/rujssbs-28-2020\/\"><br \/>\n\t\t\t\t\t\t\t<img decoding=\"async\" src=\"https:\/\/www.ru.ac.bd\/publication\/wp-content\/uploads\/sites\/114\/elementor\/thumbs\/RUJSSBS282020-Cover-qvz7lpj25nr5jlzghksizq8g04lr0t4fp8feyx1vtk.jpg\" title=\"RUJSSBS282020 Cover\" alt=\"RUJSSBS282020 Cover\" loading=\"lazy\" \/>\t\t\t\t\t\t\t\t<\/a>\n\t\t\t\t\t\t\t\t\t\t\t\t\t\t\t<\/div>\n<\/div>\n<\/div>\n<\/div>\n<\/div>\n<\/section>\n<section class=\"elementor-section elementor-top-section elementor-element elementor-element-b891301 elementor-section-boxed elementor-section-height-default elementor-section-height-default\" data-id=\"b891301\" data-element_type=\"section\">\n<div class=\"elementor-container elementor-column-gap-default\">\n<div class=\"elementor-column elementor-col-16 elementor-top-column elementor-element elementor-element-b8d6b6d\" data-id=\"b8d6b6d\" data-element_type=\"column\">\n<div class=\"elementor-widget-wrap\">\n\t\t\t\t\t\t\t<\/div>\n<\/div>\n<div class=\"elementor-column elementor-col-66 elementor-top-column elementor-element elementor-element-2e5d92b\" data-id=\"2e5d92b\" data-element_type=\"column\">\n<div class=\"elementor-widget-wrap elementor-element-populated\">\n<div class=\"elementor-element elementor-element-d87141f elementor-widget elementor-widget-text-editor\" data-id=\"d87141f\" data-element_type=\"widget\" data-widget_type=\"text-editor.default\">\n<div class=\"elementor-widget-container\">\n<p><span style=\"color: var( --e-global-color-secondary );font-weight: 700;font-family: var( --e-global-typography-text-font-family ), Sans-serif\">Rajshahi University Journal of Social Science and Business Studies<\/span><\/p>\n<div>\n<p><a href=\"https:\/\/journal.ru.ac.bd\/rujssbs\/issue\/view\/1\" target=\"_blank\"><b>Rajshahi University Journal of Social Science and Business Studies V. 28, 2020<\/b><\/a><\/p>\n<p><a href=\"https:\/\/www.ru.ac.bd\/publication\/rujssbs-vol-27\/\" target=\"_blank\"><span style=\"font-weight: 700\"><\/span><\/a><\/p>\n<p><a href=\"https:\/\/journal.ru.ac.bd\/rujssbs\/issue\/view\/3\" target=\"_blank\"><b>Rajshahi University Journal of Social Science and Business Studies V. 27, 2019<\/b><\/a><\/p>\n<\/div><\/div>\n<\/div>\n<\/div>\n<\/div>\n<div class=\"elementor-column elementor-col-16 elementor-top-column elementor-element elementor-element-2540079\" data-id=\"2540079\" data-element_type=\"column\">\n<div class=\"elementor-widget-wrap\">\n\t\t\t\t\t\t\t<\/div>\n<\/div>\n<\/div>\n<\/section>\n<section class=\"elementor-section elementor-top-section elementor-element elementor-element-83fc758 elementor-section-boxed elementor-section-height-default elementor-section-height-default\" data-id=\"83fc758\" data-element_type=\"section\">\n<div class=\"elementor-container elementor-column-gap-default\">\n<div class=\"elementor-column elementor-col-100 elementor-top-column elementor-element elementor-element-950b185\" data-id=\"950b185\" data-element_type=\"column\">\n<div class=\"elementor-widget-wrap elementor-element-populated\">\n<div class=\"elementor-element elementor-element-e93eae3 elementor-widget elementor-widget-text-editor\" data-id=\"e93eae3\" data-element_type=\"widget\" data-widget_type=\"text-editor.default\">\n<div class=\"elementor-widget-container\">\n<p style=\"font-family: Arial, Helvetica, sans-serif;font-size: small\"><b><i><font color=\"#b45f06\">The Contents of this Webpage under the subdomain are managed by the Publications Office, University of Rajshahi.<br \/>If you encounter any difficulties in downloading the articles as PDFs, please feel free to contact-<\/font><\/i><\/b><\/p>\n<p style=\"font-family: Arial, Helvetica, sans-serif;font-size: small\"><font face=\"tahoma, sans-serif\">publications@ru.ac.bd OR&nbsp;<span style=\"cursor: pointer\">ahadleo@ru.ac.bd<\/span><\/font><\/p>\n<\/div>\n<\/div>\n<\/div>\n<\/div>\n<\/div>\n<\/section><\/div>\n","protected":false},"excerpt":{"rendered":"<p>RUJSSBS Online Journal System Submit Your Article Online Rajshahi&nbsp;University&nbsp;Journal&nbsp;of&nbsp;Social Science and Business Studies ISSN 2309-0944 (Print)ISSN 2408-8811 (Online) Key titleRajshahi University journal of social science and business studies Abbreviated key titleRajshahi Univ. j. soc. sci. bus. stud. Parallel&nbsp;titleR\u0101ja\u015b\u0101h\u012b iunibh\u0101rasiti j\u0101rn\u0101la aba so\u015b\u0101la s\u0101yensa end\u0323a bijanesa st\u0101d\u0323ija An Official Journal of the University of Rajshahi Current [&hellip;]<\/p>\n","protected":false},"author":1,"featured_media":0,"parent":359,"menu_order":0,"comment_status":"closed","ping_status":"closed","template":"","meta":{"footnotes":""},"class_list":["post-319","page","type-page","status-publish","hentry"],"_links":{"self":[{"href":"https:\/\/www.ru.ac.bd\/publication\/wp-json\/wp\/v2\/pages\/319","targetHints":{"allow":["GET"]}}],"collection":[{"href":"https:\/\/www.ru.ac.bd\/publication\/wp-json\/wp\/v2\/pages"}],"about":[{"href":"https:\/\/www.ru.ac.bd\/publication\/wp-json\/wp\/v2\/types\/page"}],"author":[{"embeddable":true,"href":"https:\/\/www.ru.ac.bd\/publication\/wp-json\/wp\/v2\/users\/1"}],"replies":[{"embeddable":true,"href":"https:\/\/www.ru.ac.bd\/publication\/wp-json\/wp\/v2\/comments?post=319"}],"version-history":[{"count":168,"href":"https:\/\/www.ru.ac.bd\/publication\/wp-json\/wp\/v2\/pages\/319\/revisions"}],"predecessor-version":[{"id":2454,"href":"https:\/\/www.ru.ac.bd\/publication\/wp-json\/wp\/v2\/pages\/319\/revisions\/2454"}],"up":[{"embeddable":true,"href":"https:\/\/www.ru.ac.bd\/publication\/wp-json\/wp\/v2\/pages\/359"}],"wp:attachment":[{"href":"https:\/\/www.ru.ac.bd\/publication\/wp-json\/wp\/v2\/media?parent=319"}],"curies":[{"name":"wp","href":"https:\/\/api.w.org\/{rel}","templated":true}]}}