{"id":1683,"date":"2024-10-06T06:40:00","date_gmt":"2024-10-06T06:40:00","guid":{"rendered":"https:\/\/www.ru.ac.bd\/publication\/?page_id=1683"},"modified":"2024-10-23T10:35:46","modified_gmt":"2024-10-23T10:35:46","slug":"rujssbs-28-2020","status":"publish","type":"page","link":"https:\/\/www.ru.ac.bd\/publication\/journals\/rujssbs\/rujssbs-28-2020\/","title":{"rendered":"Rajshahi University Journal of Social Science and Business Studies V. 28, 2020"},"content":{"rendered":"\n<div data-elementor-type=\"wp-page\" data-elementor-id=\"1683\" class=\"elementor elementor-1683\" data-elementor-post-type=\"page\">\n<section class=\"elementor-section elementor-top-section elementor-element elementor-element-13bd251 elementor-section-full_width elementor-section-height-default elementor-section-height-default\" data-id=\"13bd251\" data-element_type=\"section\">\n<div class=\"elementor-container elementor-column-gap-default\">\n<div class=\"elementor-column elementor-col-100 elementor-top-column elementor-element elementor-element-0ebaf0b\" data-id=\"0ebaf0b\" data-element_type=\"column\">\n<div class=\"elementor-widget-wrap elementor-element-populated\">\n<div class=\"elementor-element elementor-element-e75aedf elementor-widget__width-initial elementor-widget elementor-widget-image\" data-id=\"e75aedf\" data-element_type=\"widget\" data-widget_type=\"image.default\">\n<div class=\"elementor-widget-container\">\n<figure class=\"wp-caption\">\n\t\t\t\t\t\t\t\t\t\t\t<a href=\"https:\/\/www.ru.ac.bd\/publication\/wp-content\/uploads\/sites\/114\/2024\/10\/RUJSSBS282020-Cover.jpg\" data-elementor-open-lightbox=\"yes\" data-elementor-lightbox-title=\"RUJSSBS282020 Cover\" data-e-action-hash=\"#elementor-action%3Aaction%3Dlightbox%26settings%3DeyJpZCI6IjE5MDkiLCJ1cmwiOiJodHRwczpcL1wvd3d3LnJ1LmFjLmJkXC9wdWJsaWNhdGlvblwvd3AtY29udGVudFwvdXBsb2Fkc1wvc2l0ZXNcLzExNFwvMjAyNFwvMTBcL1JVSlNTQlMyODIwMjAtQ292ZXIuanBnIn0%3D\"><br \/>\n\t\t\t\t\t\t\t<img fetchpriority=\"high\" decoding=\"async\" width=\"214\" height=\"300\" src=\"https:\/\/www.ru.ac.bd\/publication\/wp-content\/uploads\/sites\/114\/2024\/10\/RUJSSBS282020-Cover-214x300.jpg\" class=\"attachment-medium size-medium wp-image-1909\" alt=\"\" srcset=\"https:\/\/www.ru.ac.bd\/publication\/wp-content\/uploads\/sites\/114\/2024\/10\/RUJSSBS282020-Cover-214x300.jpg 214w, https:\/\/www.ru.ac.bd\/publication\/wp-content\/uploads\/sites\/114\/2024\/10\/RUJSSBS282020-Cover-730x1024.jpg 730w, https:\/\/www.ru.ac.bd\/publication\/wp-content\/uploads\/sites\/114\/2024\/10\/elementor\/thumbs\/RUJSSBS282020-Cover-qvz7lpj25nr5jlzghksizq8g04lr0t4fp8feyx1vtk.jpg 500w, https:\/\/www.ru.ac.bd\/publication\/wp-content\/uploads\/sites\/114\/2024\/10\/RUJSSBS282020-Cover.jpg 747w\" sizes=\"(max-width: 214px) 100vw, 214px\" \/>\t\t\t\t\t\t\t\t<\/a><figcaption class=\"widget-image-caption wp-caption-text\">RUJSSBS 28, 2020 Cover<\/figcaption><\/figure>\n<\/div>\n<\/div>\n<div class=\"elementor-element elementor-element-cc92f04 elementor-widget elementor-widget-text-editor\" data-id=\"cc92f04\" data-element_type=\"widget\" data-widget_type=\"text-editor.default\">\n<div class=\"elementor-widget-container\">\n<h3><strong>Rajshahi<\/strong><strong>&nbsp;University<\/strong><strong>&nbsp;Journal&nbsp;<\/strong><strong>of&nbsp;<\/strong><strong>Social Science and Business Studies Vol.28, 2020<\/strong><\/h3>\n<p><strong>ISSN 2309-0944 (Print)<br \/>ISSN 2408-8811 (Online)<\/strong><\/p>\n<p><strong><em>Key title<br \/><\/em><\/strong>Rajshahi University journal of social science and business studies<\/p>\n<p><strong><em>Abbreviated key title<br \/><\/em><\/strong>Rajshahi Univ. j. soc. sci. bus. stud.<\/p>\n<p><strong><em>Parallel&nbsp;title<br \/><\/em><\/strong>R\u0101ja\u015b\u0101h\u012b iunibh\u0101rasiti j\u0101rn\u0101la aba so\u015b\u0101la s\u0101yensa end\u0323a bijanesa st\u0101d\u0323ija<\/p>\n<p>An Official Journal of the University of Rajshahi<\/p>\n\n<p><a href=\"https:\/\/www.ru.ac.bd\/publication\/wp-content\/uploads\/sites\/114\/2024\/10\/0.-RUJSSBS-Vol.-28-2020-Front-Part.pdf\" target=\"_blank\" style=\"font-family: var( --e-global-typography-text-font-family ), Sans-serif\"><b>F<\/b><\/a><a href=\"https:\/\/www.ru.ac.bd\/publication\/wp-content\/uploads\/sites\/114\/2024\/10\/0.-RUJSSBS-Vol.-28-2020-Front-Part.pdf\" target=\"_blank\"><b>rontMatter<\/b><\/a><b style=\"font-family: var( --e-global-typography-text-font-family ), Sans-serif\"><a href=\"https:\/\/www.ru.ac.bd\/publication\/wp-content\/uploads\/sites\/114\/2023\/05\/RUJSSBS-Vol.-27-2019-FrontMatter.pdf\" target=\"_blank\">&nbsp;<\/a><\/b><span style=\"font-family: var( --e-global-typography-text-font-family ), Sans-serif;font-weight: var( --e-global-typography-text-font-weight )\">[Publication info, Editorial Note, and Content]<\/span><\/p>\n<p><a href=\"https:\/\/www.ru.ac.bd\/publication\/wp-content\/uploads\/sites\/114\/2024\/10\/0.-RUJSSBS-Vol.-28-2020-Front-Part.pdf\" target=\"_blank\"><\/a><\/p>\n<div align=\"center\">\n<table border=\"0\" cellspacing=\"0\" cellpadding=\"0\" width=\"662\" style=\"width: 496.5pt\">\n<tbody>\n<tr>\n<td width=\"37\" style=\"width: 27.8pt;border-width: 1pt;padding: 7.5pt\">\n<p style=\"margin:0in;margin-bottom:.0001pt\"><b><span style=\"font-size:10.0pt\">SL<\/span><\/b><span style=\"font-size: 10.0pt\"><\/span><\/p>\n<\/td>\n<td width=\"555\" style=\"width: 416.2pt;border-top-width: 1pt;border-right-width: 1pt;border-bottom-width: 1pt;border-left: none;padding: 7.5pt\">\n<p align=\"center\" style=\"margin: 0in 0in 0.0001pt;text-align: center\"><b><span style=\"font-size:10.0pt\">TITLE &amp; AUTHOR<\/span><\/b><span style=\"font-size:10.0pt\"><\/span><\/p>\n<\/td>\n<td width=\"70\" style=\"width: 52.5pt;border-top-width: 1pt;border-right-width: 1pt;border-bottom-width: 1pt;border-left: none;padding: 7.5pt\">\n<p align=\"center\" style=\"margin: 0in 0in 0.0001pt;text-align: center\"><b><span style=\"font-size:10.0pt\">PAGE<\/span><\/b><span style=\"font-size:10.0pt\"><\/span><\/p>\n<\/td>\n<\/tr>\n<tr style=\"height: 50.7pt\">\n<td width=\"37\" style=\"width: 27.8pt;border-right-width: 1pt;border-bottom-width: 1pt;border-left-width: 1pt;border-top: none;padding: 7.5pt;height: 50.7pt;background-image: initial;background-position: initial;background-size: initial;background-attachment: initial\">\n<p style=\"margin: 0in 0in 0.0001pt\"><span style=\"font-size:10.0pt\">1.<\/span><\/p>\n<\/td>\n<td width=\"555\" style=\"width: 416.2pt;border-top: none;border-left: none;border-bottom-width: 1pt;border-right-width: 1pt;padding: 7.5pt;height: 50.7pt;background-image: initial;background-position: initial;background-size: initial;background-attachment: initial\">\n<p style=\"margin: 0in 0in 0.0001pt\"><a href=\"https:\/\/www.ru.ac.bd\/publication\/wp-content\/uploads\/sites\/114\/2024\/10\/1.-C-465-Major-challenges-of-agricultural-practices-Shafikuzzaman-Joarder.pdf\" target=\"_blank\"><b>Major Challenges of Agricultural Practices in Northwestern Bangladesh: Peasants\u2019 Perspectives<\/b><\/a><\/p>\n<p style=\"margin: 0in 0in 0.0001pt\"><span style=\"font-size: 10pt\">  \u2014&nbsp;<\/span><span style=\"font-size: 13.3333px\">Md. Shafikuzzaman Joarder, M. Zulfiquar Ali Islam<\/span><\/p>\n<\/td>\n<td width=\"70\" style=\"width: 52.5pt;border-top: none;border-left: none;border-bottom-width: 1pt;border-right-width: 1pt;padding: 7.5pt;height: 50.7pt;background-image: initial;background-position: initial;background-size: initial;background-attachment: initial\">\n<p align=\"center\" style=\"margin: 0in 0in 0.0001pt;text-align: center\"><span style=\"font-size:10.0pt;color:#212529\">1-16<\/span><span style=\"font-size:10.0pt\"><\/span><\/p>\n<\/td>\n<\/tr>\n<tr>\n<td width=\"37\" style=\"width: 27.8pt;border-right-width: 1pt;border-bottom-width: 1pt;border-left-width: 1pt;border-top: none;padding: 7.5pt\">\n<p style=\"margin: 0in 0in 0.0001pt\"><span style=\"font-size:10.0pt\">2.<\/span><\/p>\n<\/td>\n<td width=\"555\" style=\"width: 416.2pt;border-top: none;border-left: none;border-bottom-width: 1pt;border-right-width: 1pt;padding: 7.5pt\">\n<p style=\"margin: 0in 0in 0.0001pt\"><a href=\"https:\/\/www.ru.ac.bd\/publication\/wp-content\/uploads\/sites\/114\/2024\/10\/2.-C-456-Labor-market-impact-of-lockdown-Naim-Uddin-Hasan-A-Chy.pdf\" target=\"_blank\"><b>Labor Market Impact of Lockdown Measures and Coping Strategies of the Vulnerable People<\/b><\/a><\/p>\n<p style=\"margin: 0in 0in 0.0001pt\"><span style=\"font-size: 10pt\">\u2014 <\/span><span style=\"font-size: 13.3333px\">Naim Uddin Hasan A Chy, Fatema Akhter Hiramoni, Shovon Roy, Md. Maznur Rahman<\/span><span style=\"font-size: 10pt\">&nbsp;<\/span><\/p>\n<\/td>\n<td width=\"70\" style=\"width: 52.5pt;border-top: none;border-left: none;border-bottom-width: 1pt;border-right-width: 1pt;padding: 7.5pt\">\n<p align=\"center\" style=\"margin: 0in 0in 0.0001pt;text-align: center\"><span style=\"font-size:10.0pt;color:#212529\">17-28<\/span><\/p>\n<\/td>\n<\/tr>\n<tr>\n<td width=\"37\" style=\"width: 27.8pt;border-right-width: 1pt;border-bottom-width: 1pt;border-left-width: 1pt;border-top: none;padding: 7.5pt;background-image: initial;background-position: initial;background-size: initial;background-attachment: initial\">\n<p style=\"margin: 0in 0in 0.0001pt\"><span style=\"font-size:10.0pt\">3.<\/span><\/p>\n<\/td>\n<td width=\"555\" style=\"width: 416.2pt;border-top: none;border-left: none;border-bottom-width: 1pt;border-right-width: 1pt;padding: 7.5pt;background-image: initial;background-position: initial;background-size: initial;background-attachment: initial\">\n<p style=\"margin: 0in 0in 0.0001pt\"><a href=\"https:\/\/www.ru.ac.bd\/publication\/wp-content\/uploads\/sites\/114\/2024\/10\/3.-C-461-Evolution-and-Development-of-Food-Security-Concept-Md.-Saleh-Mahmud.pdf\" target=\"_blank\"><b>Evolution and Development of Food Security Concept: A Historical Overview<\/b><\/a><br \/><span style=\"font-size: 10pt\">  \u2014 <\/span><span style=\"font-size: 13.3333px\">Md. Saleh Mahmud, Bijoy Krishna Banik<\/span><span style=\"font-size: 10pt\">&nbsp;<\/span><\/p>\n<\/td>\n<td width=\"70\" style=\"width: 52.5pt;border-top: none;border-left: none;border-bottom-width: 1pt;border-right-width: 1pt;padding: 7.5pt;background-image: initial;background-position: initial;background-size: initial;background-attachment: initial\">\n<p align=\"center\" style=\"margin: 0in 0in 0.0001pt;text-align: center\"><span style=\"font-size:10.0pt;color:#212529\">29-45<\/span><\/p>\n<\/td>\n<\/tr>\n<tr>\n<td width=\"37\" style=\"width: 27.8pt;border-right-width: 1pt;border-bottom-width: 1pt;border-left-width: 1pt;border-top: none;padding: 7.5pt\">\n<p style=\"margin: 0in 0in 0.0001pt\"><span style=\"font-size:10.0pt\">4<b>.<\/b><\/span><\/p>\n<\/td>\n<td width=\"555\" style=\"width: 416.2pt;border-top: none;border-left: none;border-bottom-width: 1pt;border-right-width: 1pt;padding: 7.5pt\">\n<p style=\"margin: 0in 0in 0.0001pt\"><a href=\"https:\/\/www.ru.ac.bd\/publication\/wp-content\/uploads\/sites\/114\/2024\/10\/4.-C-459-Managements-Disclosure-Mohammed-Jamal-Uddin.pdf\" target=\"_blank\"><b>Management&#8217;s Disclosure of Long-term Relationship between Return and Transaction Volume and its Impact on Stock: A Study on Stock Markets of Iraq<\/b><\/a><br \/><span style=\"font-size: 10pt\">  \u2014&nbsp;<\/span><span style=\"font-size: 13.3333px\">Syeda Nusrat, Lutfun Naher, Mohammed Jamal Uddin<\/span><\/p>\n<\/td>\n<td width=\"70\" style=\"width: 52.5pt;border-top: none;border-left: none;border-bottom-width: 1pt;border-right-width: 1pt;padding: 7.5pt\">\n<p align=\"center\" style=\"margin: 0in 0in 0.0001pt;text-align: center\"><span style=\"font-size:10.0pt;color:#212529\">47-59<\/span><\/p>\n<\/td>\n<\/tr>\n<tr>\n<td width=\"37\" style=\"width: 27.8pt;border-right-width: 1pt;border-bottom-width: 1pt;border-left-width: 1pt;border-top: none;padding: 7.5pt;background-image: initial;background-position: initial;background-size: initial;background-attachment: initial\">\n<p style=\"margin: 0in 0in 0.0001pt\"><span style=\"font-size:10.0pt\">5.<\/span><\/p>\n<\/td>\n<td width=\"555\" style=\"width: 416.2pt;border-top: none;border-left: none;border-bottom-width: 1pt;border-right-width: 1pt;padding: 7.5pt;background-image: initial;background-position: initial;background-size: initial;background-attachment: initial\">\n<p style=\"margin: 0in 0in 0.0001pt\"><a href=\"https:\/\/www.ru.ac.bd\/publication\/wp-content\/uploads\/sites\/114\/2024\/10\/5.-C-464-Higher-Education-Quality-Assessment-Tabassum-Zaman.pdf\" target=\"_blank\"><b>Higher Education Quality Assessment at a Public University: A Baseline Index Model<\/b><\/a><br \/><span style=\"font-size: 10pt\">  \u2014&nbsp;<\/span><span style=\"font-size: 13.3333px\">Tabassum Zaman , Md. Habibur Rahman, Mohammad Afshar Ali, Md. Rabiul Karim<\/span><\/p>\n<\/td>\n<td width=\"70\" style=\"width: 52.5pt;border-top: none;border-left: none;border-bottom-width: 1pt;border-right-width: 1pt;padding: 7.5pt;background-image: initial;background-position: initial;background-size: initial;background-attachment: initial\">\n<p align=\"center\" style=\"margin: 0in 0in 0.0001pt;text-align: center\"><span style=\"font-size:10.0pt;color:#212529\">61-82<\/span><\/p>\n<\/td>\n<\/tr>\n<tr>\n<td width=\"37\" style=\"width: 27.8pt;border-right-width: 1pt;border-bottom-width: 1pt;border-left-width: 1pt;border-top: none;padding: 7.5pt\">\n<p style=\"margin: 0in 0in 0.0001pt\"><span style=\"font-size:10.0pt\">6.<\/span><\/p>\n<\/td>\n<td width=\"555\" style=\"width: 416.2pt;border-top: none;border-left: none;border-bottom-width: 1pt;border-right-width: 1pt;padding: 7.5pt\">\n<p style=\"margin: 0in 0in 0.0001pt\"><a href=\"https:\/\/www.ru.ac.bd\/publication\/wp-content\/uploads\/sites\/114\/2024\/10\/6.-C-457-Parallel-Media-of-Film-Kazi-Mamun-Haider.pdf\" target=\"_blank\"><b>\u09ac\u09be\u0982\u09b2\u09be\u09a6\u09c7\u09b6\u09c7 \u099a\u09b2\u099a\u09cd\u099a\u09bf\u09a4\u09cd\u09b0\u09c7\u09b0 \u09b8\u09ae\u09be\u09a8\u09cd\u09a4\u09b0\u09be\u09b2 \u0985\u09a8\u09cd\u09af\u09be\u09a8\u09cd\u09af \u09ac\u09bf\u09a8\u09cb\u09a6\u09cb\u09a8 \u09ae\u09be\u09a7\u09cd\u09af\u09ae \u0993 \u09b6\u09bf\u09b2\u09cd\u09aa\u0995\u09b2\u09be: \u098f\u0995\u099f\u09bf \u09a8\u09c3\u09a4\u09be\u09a4\u09cd\u09a4\u09cd\u09ac\u09bf\u0995 \u09aa\u09b0\u09cd\u09af\u09be\u09b2\u09cb\u099a\u09a8\u09be<\/b><\/a><span style=\"font-size:10.0pt\"><br \/>  \u2014 \u0995\u09be\u099c\u09c0 \u09ae\u09be\u09ae\u09c1\u09a8 \u09b9\u09be\u09df\u09a6\u09be\u09b0<\/span><\/p>\n<\/td>\n<td width=\"70\" style=\"width: 52.5pt;border-top: none;border-left: none;border-bottom-width: 1pt;border-right-width: 1pt;padding: 7.5pt\">\n<p align=\"center\" style=\"margin: 0in 0in 0.0001pt;text-align: center\"><span style=\"font-size:10.0pt;color:#212529\">83-103<\/span><\/p>\n<\/td>\n<\/tr>\n<tr>\n<td width=\"37\" style=\"width: 27.8pt;border-right-width: 1pt;border-bottom-width: 1pt;border-left-width: 1pt;border-top: none;padding: 7.5pt;background-image: initial;background-position: initial;background-size: initial;background-attachment: initial\">\n<p style=\"margin: 0in 0in 0.0001pt\"><\/p>\n<\/td>\n<td width=\"555\" style=\"width: 416.2pt;border-top: none;border-left: none;border-bottom-width: 1pt;border-right-width: 1pt;padding: 7.5pt;background-image: initial;background-position: initial;background-size: initial;background-attachment: initial\">\n<p style=\"margin: 0in 0in 0.0001pt\"><\/p>\n<\/td>\n<td width=\"70\" style=\"width: 52.5pt;border-top: none;border-left: none;border-bottom-width: 1pt;border-right-width: 1pt;padding: 7.5pt;background-image: initial;background-position: initial;background-size: initial;background-attachment: initial\">\n<p align=\"center\" style=\"margin: 0in 0in 0.0001pt;text-align: center\"><\/p>\n<\/td>\n<\/tr>\n<tr>\n<td width=\"37\" style=\"width: 27.8pt;border-right-width: 1pt;border-bottom-width: 1pt;border-left-width: 1pt;border-top: none;padding: 7.5pt\">\n<p style=\"margin: 0in 0in 0.0001pt\"><\/p>\n<\/td>\n<td width=\"555\" style=\"width: 416.2pt;border-top: none;border-left: none;border-bottom-width: 1pt;border-right-width: 1pt;padding: 7.5pt\">\n<p style=\"margin: 0in 0in 0.0001pt\"><\/p>\n<\/td>\n<td width=\"70\" style=\"width: 52.5pt;border-top: none;border-left: none;border-bottom-width: 1pt;border-right-width: 1pt;padding: 7.5pt\"><\/td>\n<\/tr>\n<\/tbody>\n<\/table>\n\n<\/div>\n<div align=\"center\">\n<table border=\"0\" cellspacing=\"0\" cellpadding=\"0\" width=\"661\" style=\"width: 495.45pt;border-width: initial;border-style: none;border-color: initial\">\n<tbody>\n<tr>\n<td width=\"220\" valign=\"top\" style=\"width:165.15pt;padding:0in 5.4pt 0in 5.4pt\">\n<p style=\"margin-bottom:0in;margin-bottom:.0001pt;line-height: normal\"><a href=\"https:\/\/www.ru.ac.bd\/publication\/rujssbs-vol-27\/\" target=\"_blank\"><b>&lt;&lt; Previous Vol.<\/b><\/a><\/p>\n<\/td>\n<td width=\"220\" valign=\"top\" style=\"width:165.15pt;padding:0in 5.4pt 0in 5.4pt\">\n<p align=\"center\" style=\"margin-bottom:0in;margin-bottom:.0001pt;text-align:center;line-height:normal\"><a href=\"https:\/\/www.ru.ac.bd\/publication\/wp-content\/uploads\/sites\/114\/2023\/05\/RUSSBS-Vol.27-2019-Guidelines-For-Author.pdf\" target=\"_blank\"><b>Instructions to Authors<\/b><\/a><\/p>\n<\/td>\n<td width=\"220\" valign=\"top\" style=\"width:165.15pt;padding:0in 5.4pt 0in 5.4pt\">\n<p align=\"right\" style=\"margin-bottom:0in;margin-bottom:.0001pt;text-align:right;line-height:normal\"><b><span style=\"font-size:10.0pt\">Next Vol. &gt;&gt;<\/span><\/b><\/p>\n<\/td>\n<\/tr>\n<\/tbody>\n<\/table>\n<\/div>\n<div>\n<div align=\"center\">\n<table border=\"0\" cellspacing=\"0\" cellpadding=\"0\" width=\"661\" style=\"width: 495.45pt;border-width: initial;border-style: none;border-color: initial\">\n<tbody>\n<tr>\n<td width=\"661\" valign=\"top\" style=\"width:495.45pt;padding:0in 5.4pt 0in 5.4pt\">\n<p align=\"center\" style=\"margin-bottom: 0.0001pt;text-align: center;line-height: normal;background-image: initial;background-position: initial;background-size: initial;background-attachment: initial\"><a href=\"https:\/\/www.ru.ac.bd\/publication\/journals\/rujssbs\/\" target=\"_blank\"><b>RETURN TO RUJSSBS<\/b><\/a><\/p>\n<\/td>\n<\/tr>\n<\/tbody>\n<\/table>\n<\/div>\n<\/div><\/div>\n<\/div>\n<\/div>\n<\/div>\n<\/div>\n<\/section><\/div>\n","protected":false},"excerpt":{"rendered":"<p>RUJSSBS 28, 2020 Cover Rajshahi&nbsp;University&nbsp;Journal&nbsp;of&nbsp;Social Science and Business Studies Vol.28, 2020 ISSN 2309-0944 (Print)ISSN 2408-8811 (Online) Key titleRajshahi University journal of social science and business studies Abbreviated key titleRajshahi Univ. j. soc. sci. bus. stud. Parallel&nbsp;titleR\u0101ja\u015b\u0101h\u012b iunibh\u0101rasiti j\u0101rn\u0101la aba so\u015b\u0101la s\u0101yensa end\u0323a bijanesa st\u0101d\u0323ija An Official Journal of the University of Rajshahi FrontMatter&nbsp;[Publication info, Editorial [&hellip;]<\/p>\n","protected":false},"author":121,"featured_media":0,"parent":319,"menu_order":0,"comment_status":"closed","ping_status":"closed","template":"","meta":{"footnotes":""},"class_list":["post-1683","page","type-page","status-publish","hentry"],"_links":{"self":[{"href":"https:\/\/www.ru.ac.bd\/publication\/wp-json\/wp\/v2\/pages\/1683","targetHints":{"allow":["GET"]}}],"collection":[{"href":"https:\/\/www.ru.ac.bd\/publication\/wp-json\/wp\/v2\/pages"}],"about":[{"href":"https:\/\/www.ru.ac.bd\/publication\/wp-json\/wp\/v2\/types\/page"}],"author":[{"embeddable":true,"href":"https:\/\/www.ru.ac.bd\/publication\/wp-json\/wp\/v2\/users\/121"}],"replies":[{"embeddable":true,"href":"https:\/\/www.ru.ac.bd\/publication\/wp-json\/wp\/v2\/comments?post=1683"}],"version-history":[{"count":40,"href":"https:\/\/www.ru.ac.bd\/publication\/wp-json\/wp\/v2\/pages\/1683\/revisions"}],"predecessor-version":[{"id":1922,"href":"https:\/\/www.ru.ac.bd\/publication\/wp-json\/wp\/v2\/pages\/1683\/revisions\/1922"}],"up":[{"embeddable":true,"href":"https:\/\/www.ru.ac.bd\/publication\/wp-json\/wp\/v2\/pages\/319"}],"wp:attachment":[{"href":"https:\/\/www.ru.ac.bd\/publication\/wp-json\/wp\/v2\/media?parent=1683"}],"curies":[{"name":"wp","href":"https:\/\/api.w.org\/{rel}","templated":true}]}}