{"id":296,"date":"2022-06-14T07:04:22","date_gmt":"2022-06-14T07:04:22","guid":{"rendered":"https:\/\/www.ru.ac.bd\/cse\/?page_id=296"},"modified":"2025-04-22T04:11:04","modified_gmt":"2025-04-22T04:11:04","slug":"contact","status":"publish","type":"page","link":"https:\/\/www.ru.ac.bd\/proctor\/contact\/","title":{"rendered":"Contact"},"content":{"rendered":"\n<div data-elementor-type=\"wp-page\" data-elementor-id=\"296\" class=\"elementor elementor-296\" data-elementor-post-type=\"page\">\n<section class=\"elementor-section elementor-top-section elementor-element elementor-element-10c0008c elementor-section-boxed elementor-section-height-default elementor-section-height-default\" data-id=\"10c0008c\" data-element_type=\"section\">\n<div class=\"elementor-container elementor-column-gap-default\">\n<div class=\"elementor-column elementor-col-100 elementor-top-column elementor-element elementor-element-5585ef5c\" data-id=\"5585ef5c\" data-element_type=\"column\">\n<div class=\"elementor-widget-wrap elementor-element-populated\">\n<section class=\"elementor-section elementor-inner-section elementor-element elementor-element-5a8e4fb elementor-section-boxed elementor-section-height-default elementor-section-height-default\" data-id=\"5a8e4fb\" data-element_type=\"section\">\n<div class=\"elementor-container elementor-column-gap-default\">\n<div class=\"elementor-column elementor-col-100 elementor-inner-column elementor-element elementor-element-78bc930\" data-id=\"78bc930\" data-element_type=\"column\">\n<div class=\"elementor-widget-wrap elementor-element-populated\">\n<div class=\"elementor-element elementor-element-3993aaf5 elementor-widget elementor-widget-heading\" data-id=\"3993aaf5\" data-element_type=\"widget\" data-widget_type=\"heading.default\">\n<div class=\"elementor-widget-container\">\n<h2 class=\"elementor-heading-title elementor-size-default\">Contact<\/h2>\n<\/div>\n<\/div>\n<\/div>\n<\/div>\n<\/div>\n<\/section>\n<section class=\"elementor-section elementor-inner-section elementor-element elementor-element-7b8852ca elementor-section-boxed elementor-section-height-default elementor-section-height-default\" data-id=\"7b8852ca\" data-element_type=\"section\">\n<div class=\"elementor-container elementor-column-gap-default\">\n<div class=\"elementor-column elementor-col-100 elementor-inner-column elementor-element elementor-element-2d00dae1\" data-id=\"2d00dae1\" data-element_type=\"column\">\n<div class=\"elementor-widget-wrap elementor-element-populated\">\n<div class=\"elementor-element elementor-element-241f0e78 elementor-widget elementor-widget-text-editor\" data-id=\"241f0e78\" data-element_type=\"widget\" data-widget_type=\"text-editor.default\">\n<div class=\"elementor-widget-container\">\n<h3>Proctor Office<\/h3>\n<p>University of Rajshahi<\/p>\n<\/div>\n<\/div>\n<\/div>\n<\/div>\n<\/div>\n<\/section><\/div>\n<\/div>\n<\/div>\n<\/section>\n<section class=\"elementor-section elementor-top-section elementor-element elementor-element-5472b4d elementor-section-boxed elementor-section-height-default elementor-section-height-default\" data-id=\"5472b4d\" data-element_type=\"section\">\n<div class=\"elementor-container elementor-column-gap-default\">\n<div class=\"elementor-column elementor-col-100 elementor-top-column elementor-element elementor-element-653c233\" data-id=\"653c233\" data-element_type=\"column\">\n<div class=\"elementor-widget-wrap elementor-element-populated\">\n<div class=\"elementor-element elementor-element-a328525 elementor-widget elementor-widget-text-editor\" data-id=\"a328525\" data-element_type=\"widget\" data-widget_type=\"text-editor.default\">\n<div class=\"elementor-widget-container\">\n<p><strong>c\u00d6\u00b1i I mnKvix c\u00d6\u00b1ie\u201e\u2021\u203a`i bvg,c`ex I \u2020gvevBj b\u00a4^i<\/strong><\/p>\n<p><strong>\u00a0<\/strong><\/p>\n<p><strong>\u00a0c\u00d6\u00b1i<\/strong><\/p>\n<p><strong>\u00a0<\/strong><\/p>\n<table width=\"870\">\n<tbody>\n<tr>\n<td width=\"68\">\n<p><strong>\u00b5. bs<\/strong><\/p>\n<\/td>\n<td width=\"263\">\n<p><strong>bvg<\/strong><\/p>\n<\/td>\n<td width=\"255\">\n<p><strong>c`ex I wefvM<\/strong><\/p>\n<\/td>\n<td width=\"285\">\n<p><strong>\u2020gvevBj b\u00a4^i<\/strong><\/p>\n<\/td>\n<\/tr>\n<tr>\n<td width=\"68\">\n<p><strong>1.<\/strong><\/p>\n<\/td>\n<td width=\"263\">\n<p><strong>c\u00d6\u2021dmi W. \u2020gv. gvneyei ingvb<\/strong><\/p>\n<p><strong>c\u00d6\u00b1i <\/strong><\/p>\n<p>ivRkvnx wek\u00a6we`\u00a8vjq<\/p>\n<\/td>\n<td width=\"255\">\n<p>c\u00d6\u2021dmi<\/p>\n<p>imvqb wefvM<\/p>\n<p>ivRkvnx wek\u00a6we`\u00a8vjq|<\/p>\n<\/td>\n<td width=\"285\">\n<p>\u2020dvb wefvM : 02588864107<\/p>\n<p>\u2020gvevBj : 01787079788 (e\u00a8w\u00b3MZ)<\/p>\n<p>\u00a0\u00a0\u00a0\u00a0\u00a0\u00a0\u00a0\u00a0\u00a0\u00a0\u00a0\u00a0 01711-574863 (Awdm)<\/p>\n<p>\u2020hvM`vb- 07-09-2024<\/p>\n<\/td>\n<\/tr>\n<\/tbody>\n<\/table>\n<p><strong>\u00a0<\/strong><\/p>\n<p><strong>\u00a0<\/strong><\/p>\n<p><strong>mnKvix c\u00d6\u00b1ie\u201e\u203a`<\/strong><\/p>\n<p><strong>\u00a0<\/strong><\/p>\n<table width=\"870\">\n<tbody>\n<tr>\n<td width=\"68\">\n<p><strong>1.<\/strong><\/p>\n<\/td>\n<td width=\"225\">\n<p><strong>W. gynv. iwdKzj Bmjvg<\/strong><\/p>\n<p>mnKvix c\u00d6\u00b1i<\/p>\n<\/td>\n<td width=\"330\">\n<p>c\u00d6\u2021dmi<\/p>\n<p>BmjvwgK \u00f7vwWR wefvM<\/p>\n<\/td>\n<td width=\"248\">\n<p>\u2020gvevBj : 01716-577118<\/p>\n<\/td>\n<\/tr>\n<tr>\n<td width=\"68\">\n<p><strong>2.<\/strong><\/p>\n<\/td>\n<td width=\"225\">\n<p><strong>W. \u2020gv. wMqvm Dw\u00cfb Avn\u2021g`<\/strong><\/p>\n<p>mnKvix c\u00d6\u00b1i<\/p>\n<\/td>\n<td width=\"330\">\n<p>c\u00d6\u2021dmi<\/p>\n<p>G\u2021M\u00d6vbwg G\u00db GwM\u00d6KvjPvivj G\u00b7\u2021Ubkb wefvM<\/p>\n<\/td>\n<td width=\"248\">\n<p>\u2020gvevBj : 01751475256<\/p>\n<\/td>\n<\/tr>\n<tr>\n<td width=\"68\">\n<p><strong>3.<\/strong><\/p>\n<\/td>\n<td width=\"225\">\n<p><strong>W. \u2020gv. bvwmi Dw\u00cfb<\/strong><\/p>\n<p>mnKvix c\u00d6\u00b1i<\/p>\n<\/td>\n<td width=\"330\">\n<p>c\u00d6\u2021dmi<\/p>\n<p>D`\u00a9y wefvM<\/p>\n<\/td>\n<td width=\"248\">\n<p>\u2020gvevBj : 01712668812<\/p>\n<\/td>\n<\/tr>\n<tr>\n<td width=\"68\">\n<p><strong>4.<\/strong><\/p>\n<\/td>\n<td width=\"225\">\n<p><strong>W. \u2020gv. Avey mvC` Ry\u2021qj<\/strong><\/p>\n<p>mnKvix c\u00d6\u00b1i<\/p>\n<\/td>\n<td width=\"330\">\n<p>c\u00d6\u2021dmi<\/p>\n<p>wdkvixR wefvM<\/p>\n<\/td>\n<td width=\"248\">\n<p>\u2020gvevBj : 01727144520<\/p>\n<\/td>\n<\/tr>\n<tr>\n<td width=\"68\">\n<p><strong>5.<\/strong><\/p>\n<\/td>\n<td width=\"225\">\n<p><strong>\u2020gv. Kvgvj \u2020nv\u2021mb<\/strong><\/p>\n<p>mnKvix c\u00d6\u00b1i<\/p>\n<\/td>\n<td width=\"330\">\n<p>mn\u2021hvMx Aa\u00a8vcK<\/p>\n<p>ccy\u2021jkb mv\u2021q\u00dd G\u00db wn: wi: \u2020W\u2021fjc\u2021g\u203aU wefvM<\/p>\n\n<\/td>\n<td width=\"248\">\n<p>\u2020gvevBj : 01736676555<\/p>\n<\/td>\n<\/tr>\n<tr>\n<td width=\"68\">\n<p><strong>6.<\/strong><\/p>\n<\/td>\n<td width=\"225\">\n<p><strong>c\u00d6\u2021dmi W. \u2020gv. R\u00fbi\u00e6j Bmjvg<\/strong><\/p>\n<p>mnKvix c\u00d6\u00b1i<\/p>\n<\/td>\n<td width=\"330\">\n<p>c\u00d6\u2021dmi<\/p>\n<p>dwjZ MwYZ wefvM<\/p>\n<\/td>\n<td width=\"248\">\n<p>\u2020gvevBj : 01716143073<\/p>\n<\/td>\n<\/tr>\n<tr>\n<td width=\"68\">\n<p><strong>7.<\/strong><\/p>\n<\/td>\n<td width=\"225\">\n<p><strong>c\u00d6\u2021dmi W. Gg mvB`yj Bmjvg<\/strong><\/p>\n<p><strong>mnKvix c\u00d6\u00b1i <\/strong><\/p>\n<\/td>\n<td width=\"330\">\n<p>c\u00d6\u2021dmi<\/p>\n<p>g\u00a8v\u2021Uwiqvjm mv\u2021q\u00dd G\u00db Bw\u00c4wbqvwis wefvM<\/p>\n<\/td>\n<td width=\"248\">\n<p>\u2020gvevBj : 01741-550125<\/p>\n<\/td>\n<\/tr>\n<tr>\n<td width=\"68\">\n<p><strong>8.<\/strong><\/p>\n<\/td>\n<td width=\"225\">\n<p><strong>\u2020gvnv\u00a4\u00a7` Av\u00e3ym Qvjvg<\/strong><\/p>\n<p><strong>mnKvix c\u00d6\u00b1i <\/strong><\/p>\n<\/td>\n<td width=\"330\">\n<p>mn\u2021hvMx Aa\u00a8vcK<\/p>\n<p>g\u201erwk\u00ed I fv\u00af\u2039h\u00a9 wefvM<\/p>\n<\/td>\n<td width=\"248\">\n<p>\u2020gvevBj : 01716-003972<\/p>\n<\/td>\n<\/tr>\n<tr>\n<td width=\"68\">\n<p><strong>9.<\/strong><\/p>\n<\/td>\n<td width=\"225\">\n<p><strong>W. gynv. wejvj \u00fbmvBb<\/strong><\/p>\n<p><strong>mnKvix c\u00d6\u00b1i <\/strong><\/p>\n<\/td>\n<td width=\"330\">\n<p>c\u00d6\u2021dmi<\/p>\n<p>Aviex wefvM<\/p>\n<\/td>\n<td width=\"248\">\n<p>\u2020gvevBj : 01718-220785<\/p>\n<\/td>\n<\/tr>\n<tr>\n<td width=\"68\">\n<p><strong>10.<\/strong><\/p>\n<\/td>\n<td width=\"225\">\n<p>W. hvnvi-B-Zvkbxg<\/p>\n<p><strong>mnKvix c\u00d6\u00b1i<\/strong><\/p>\n<\/td>\n<td width=\"330\">\n<p>c\u00d6\u2021dmi<\/p>\n<p>Bmjv\u2021gi BwZnvm I ms\u00af\u2039\u2026wZ wefvM<\/p>\n<\/td>\n<td width=\"248\">\n<p>\u2020gvevBj : 01711-066722<\/p>\n<\/td>\n<\/tr>\n<\/tbody>\n<\/table>\n<\/div>\n<\/div>\n<\/div>\n<\/div>\n<\/div>\n<\/section><\/div>\n","protected":false},"excerpt":{"rendered":"<p>Contact Proctor Office University of Rajshahi c\u00d6\u00b1i I mnKvix c\u00d6\u00b1ie\u201e\u2021\u203a`i bvg,c`ex I \u2020gvevBj b\u00a4^i \u00a0 \u00a0c\u00d6\u00b1i \u00a0 \u00b5. bs bvg c`ex I wefvM \u2020gvevBj b\u00a4^i 1. c\u00d6\u2021dmi W. \u2020gv. gvneyei ingvb c\u00d6\u00b1i ivRkvnx wek\u00a6we`\u00a8vjq c\u00d6\u2021dmi imvqb wefvM ivRkvnx wek\u00a6we`\u00a8vjq| \u2020dvb wefvM : 02588864107 \u2020gvevBj : 01787079788 (e\u00a8w\u00b3MZ) \u00a0\u00a0\u00a0\u00a0\u00a0\u00a0\u00a0\u00a0\u00a0\u00a0\u00a0\u00a0 01711-574863 (Awdm) \u2020hvM`vb- 07-09-2024 \u00a0 \u00a0 mnKvix [&hellip;]<\/p>\n","protected":false},"author":1,"featured_media":526,"parent":0,"menu_order":0,"comment_status":"closed","ping_status":"closed","template":"","meta":{"footnotes":""},"class_list":["post-296","page","type-page","status-publish","has-post-thumbnail","hentry"],"_links":{"self":[{"href":"https:\/\/www.ru.ac.bd\/proctor\/wp-json\/wp\/v2\/pages\/296","targetHints":{"allow":["GET"]}}],"collection":[{"href":"https:\/\/www.ru.ac.bd\/proctor\/wp-json\/wp\/v2\/pages"}],"about":[{"href":"https:\/\/www.ru.ac.bd\/proctor\/wp-json\/wp\/v2\/types\/page"}],"author":[{"embeddable":true,"href":"https:\/\/www.ru.ac.bd\/proctor\/wp-json\/wp\/v2\/users\/1"}],"replies":[{"embeddable":true,"href":"https:\/\/www.ru.ac.bd\/proctor\/wp-json\/wp\/v2\/comments?post=296"}],"version-history":[{"count":8,"href":"https:\/\/www.ru.ac.bd\/proctor\/wp-json\/wp\/v2\/pages\/296\/revisions"}],"predecessor-version":[{"id":631,"href":"https:\/\/www.ru.ac.bd\/proctor\/wp-json\/wp\/v2\/pages\/296\/revisions\/631"}],"wp:featuredmedia":[{"embeddable":true,"href":"https:\/\/www.ru.ac.bd\/proctor\/wp-json\/wp\/v2\/media\/526"}],"wp:attachment":[{"href":"https:\/\/www.ru.ac.bd\/proctor\/wp-json\/wp\/v2\/media?parent=296"}],"curies":[{"name":"wp","href":"https:\/\/api.w.org\/{rel}","templated":true}]}}